{"id":182630,"date":"2022-05-12T14:35:40","date_gmt":"2022-05-12T19:35:40","guid":{"rendered":"https:\/\/website.dev.stmtires.com\/shop\/sin categor\u00eda\/lt225-75r16-r273-swp-ii\/"},"modified":"2022-05-12T14:35:40","modified_gmt":"2022-05-12T19:35:40","slug":"lt225-75r16-r273-swp-ii-2","status":"publish","type":"product","link":"https:\/\/stmtires.com\/es\/shop\/bridgestone-es\/lt225-75r16-r273-swp-ii-2\/","title":{"rendered":"LT225\/75R16 R273 SWP II"},"content":{"rendered":"<p>El neum\u00e1tico de costilla de carretera para todas las estaciones est\u00e1 especialmente dise\u00f1ado para una larga vida \u00fatil y una mejor econom\u00eda de combustible.<\/p>\n","protected":false},"excerpt":{"rendered":"<p>El neum\u00e1tico de costilla de carretera para todas las estaciones est\u00e1 especialmente dise\u00f1ado para una larga vida \u00fatil y una mejor econom\u00eda de combustible.<\/p>\n","protected":false},"featured_media":221066,"comment_status":"open","ping_status":"closed","template":"","meta":{"_acf_changed":false,"subheading":[]},"product_model":[25698],"product_brand":[],"product_cat":[19324,19287],"product_tag":[],"class_list":{"0":"post-182630","1":"product","2":"type-product","3":"status-publish","4":"has-post-thumbnail","6":"product_model-r273-swp-ii-es","7":"product_cat-costilla","8":"product_cat-servicio-de-autopistas","9":"pa_tire-size-225-75r16-es","11":"first","12":"instock","13":"shipping-taxable","14":"purchasable","15":"product-type-simple"},"acf":[],"_links":{"self":[{"href":"https:\/\/stmtires.com\/es\/wp-json\/wp\/v2\/product\/182630","targetHints":{"allow":["GET"]}}],"collection":[{"href":"https:\/\/stmtires.com\/es\/wp-json\/wp\/v2\/product"}],"about":[{"href":"https:\/\/stmtires.com\/es\/wp-json\/wp\/v2\/types\/product"}],"replies":[{"embeddable":true,"href":"https:\/\/stmtires.com\/es\/wp-json\/wp\/v2\/comments?post=182630"}],"wp:featuredmedia":[{"embeddable":true,"href":"https:\/\/stmtires.com\/es\/wp-json\/wp\/v2\/media\/221066"}],"wp:attachment":[{"href":"https:\/\/stmtires.com\/es\/wp-json\/wp\/v2\/media?parent=182630"}],"wp:term":[{"taxonomy":"product_model","embeddable":true,"href":"https:\/\/stmtires.com\/es\/wp-json\/wp\/v2\/product_model?post=182630"},{"taxonomy":"product_brand","embeddable":true,"href":"https:\/\/stmtires.com\/es\/wp-json\/wp\/v2\/product_brand?post=182630"},{"taxonomy":"product_cat","embeddable":true,"href":"https:\/\/stmtires.com\/es\/wp-json\/wp\/v2\/product_cat?post=182630"},{"taxonomy":"product_tag","embeddable":true,"href":"https:\/\/stmtires.com\/es\/wp-json\/wp\/v2\/product_tag?post=182630"}],"curies":[{"name":"wp","href":"https:\/\/api.w.org\/{rel}","templated":true}]}}