{"id":182655,"date":"2022-05-12T11:30:48","date_gmt":"2022-05-12T16:30:48","guid":{"rendered":"https:\/\/website.dev.stmtires.com\/shop\/sin categor\u00eda\/18-00-25-n-tl-ptld-ums-l-5s\/"},"modified":"2022-05-12T11:30:48","modified_gmt":"2022-05-12T16:30:48","slug":"18-00-25-n-tl-ptld-ums-l-5s-2","status":"publish","type":"product","link":"https:\/\/stmtires.com\/es\/shop\/firestone-es\/18-00-25-n-tl-ptld-ums-l-5s-2\/","title":{"rendered":"18.00-25 N TL PTLD UMS L-5S"},"content":{"rendered":"<p>OTR L5-S Plain Tread Loader Dozer Underground Mining Service Bias neum\u00e1tico. Especialmente dise\u00f1ado para operaciones mineras subterr\u00e1neas que requieren una protecci\u00f3n excepcional contra cortes e impactos para aplicaciones de camiones lanzadera de servicio extremo y LHD.<\/p>\n","protected":false},"excerpt":{"rendered":"<p>OTR L5-S Plain Tread Loader Dozer Underground Mining Service Bias neum\u00e1tico. Especialmente dise\u00f1ado para operaciones mineras subterr\u00e1neas que requieren una protecci\u00f3n excepcional contra cortes e impactos para aplicaciones de camiones lanzadera de servicio extremo y LHD.<\/p>\n","protected":false},"featured_media":0,"comment_status":"open","ping_status":"closed","template":"","meta":{"_acf_changed":false,"subheading":[]},"product_model":[25644],"product_brand":[15736],"product_cat":[19286,19313,16308,19336,19355,19253],"product_tag":[],"class_list":{"0":"post-182655","1":"product","2":"type-product","3":"status-publish","5":"product_model-ptld-ums-plain-tread-loader-dozer-underground-mining-service-l-5s-es","6":"product_brand-firestone-es","7":"product_cat-camion-autobus-comercial","8":"product_cat-mineria","9":"product_cat-mining","10":"product_cat-posicion-del-remolque","11":"product_cat-predisposicion","12":"product_cat-uncategorized","13":"pa_tire-size-18r25-es","15":"first","16":"instock","17":"shipping-taxable","18":"purchasable","19":"product-type-simple"},"acf":[],"_links":{"self":[{"href":"https:\/\/stmtires.com\/es\/wp-json\/wp\/v2\/product\/182655","targetHints":{"allow":["GET"]}}],"collection":[{"href":"https:\/\/stmtires.com\/es\/wp-json\/wp\/v2\/product"}],"about":[{"href":"https:\/\/stmtires.com\/es\/wp-json\/wp\/v2\/types\/product"}],"replies":[{"embeddable":true,"href":"https:\/\/stmtires.com\/es\/wp-json\/wp\/v2\/comments?post=182655"}],"wp:attachment":[{"href":"https:\/\/stmtires.com\/es\/wp-json\/wp\/v2\/media?parent=182655"}],"wp:term":[{"taxonomy":"product_model","embeddable":true,"href":"https:\/\/stmtires.com\/es\/wp-json\/wp\/v2\/product_model?post=182655"},{"taxonomy":"product_brand","embeddable":true,"href":"https:\/\/stmtires.com\/es\/wp-json\/wp\/v2\/product_brand?post=182655"},{"taxonomy":"product_cat","embeddable":true,"href":"https:\/\/stmtires.com\/es\/wp-json\/wp\/v2\/product_cat?post=182655"},{"taxonomy":"product_tag","embeddable":true,"href":"https:\/\/stmtires.com\/es\/wp-json\/wp\/v2\/product_tag?post=182655"}],"curies":[{"name":"wp","href":"https:\/\/api.w.org\/{rel}","templated":true}]}}