{"id":182708,"date":"2022-05-12T16:09:53","date_gmt":"2022-05-12T21:09:53","guid":{"rendered":"https:\/\/website.dev.stmtires.com\/shop\/sin categor\u00eda\/18-00-33-idu-36pr-tl-els2-e-4\/"},"modified":"2022-05-12T16:09:53","modified_gmt":"2022-05-12T21:09:53","slug":"18-00-33-idu-36pr-tl-els2-e-4-2","status":"publish","type":"product","link":"https:\/\/stmtires.com\/es\/shop\/bridgestone-es\/18-00-33-idu-36pr-tl-els2-e-4-2\/","title":{"rendered":"18.00-33 (IDU) 36PR TL ELS2 E-4"},"content":{"rendered":"<p>Sesgo OTR E-4 Neum\u00e1tico de movimiento de tierras dise\u00f1ado para operar en roca, carb\u00f3n y tierra donde la capacidad de servicio y el corte son grandes problemas.<\/p>\n","protected":false},"excerpt":{"rendered":"<p>Sesgo OTR E-4 Neum\u00e1tico de movimiento de tierras dise\u00f1ado para operar en roca, carb\u00f3n y tierra donde la capacidad de servicio y el corte son grandes problemas.<\/p>\n","protected":false},"featured_media":0,"comment_status":"open","ping_status":"closed","template":"","meta":{"_acf_changed":false,"subheading":[]},"product_model":[25837],"product_brand":[],"product_cat":[19264,19355,19253],"product_tag":[],"class_list":{"0":"post-182708","1":"product","2":"type-product","3":"status-publish","5":"product_model-els2-e-lug-s2-es","6":"product_cat-alto-rendimiento-hp","7":"product_cat-predisposicion","8":"product_cat-uncategorized","9":"pa_tire-size-18r33-es","11":"first","12":"instock","13":"shipping-taxable","14":"purchasable","15":"product-type-simple"},"acf":[],"_links":{"self":[{"href":"https:\/\/stmtires.com\/es\/wp-json\/wp\/v2\/product\/182708","targetHints":{"allow":["GET"]}}],"collection":[{"href":"https:\/\/stmtires.com\/es\/wp-json\/wp\/v2\/product"}],"about":[{"href":"https:\/\/stmtires.com\/es\/wp-json\/wp\/v2\/types\/product"}],"replies":[{"embeddable":true,"href":"https:\/\/stmtires.com\/es\/wp-json\/wp\/v2\/comments?post=182708"}],"wp:attachment":[{"href":"https:\/\/stmtires.com\/es\/wp-json\/wp\/v2\/media?parent=182708"}],"wp:term":[{"taxonomy":"product_model","embeddable":true,"href":"https:\/\/stmtires.com\/es\/wp-json\/wp\/v2\/product_model?post=182708"},{"taxonomy":"product_brand","embeddable":true,"href":"https:\/\/stmtires.com\/es\/wp-json\/wp\/v2\/product_brand?post=182708"},{"taxonomy":"product_cat","embeddable":true,"href":"https:\/\/stmtires.com\/es\/wp-json\/wp\/v2\/product_cat?post=182708"},{"taxonomy":"product_tag","embeddable":true,"href":"https:\/\/stmtires.com\/es\/wp-json\/wp\/v2\/product_tag?post=182708"}],"curies":[{"name":"wp","href":"https:\/\/api.w.org\/{rel}","templated":true}]}}