{"id":182719,"date":"2022-05-12T14:35:41","date_gmt":"2022-05-12T19:35:41","guid":{"rendered":"https:\/\/website.dev.stmtires.com\/shop\/sin categor\u00eda\/lt215-85r16-m773-swp-ii\/"},"modified":"2022-05-12T14:35:41","modified_gmt":"2022-05-12T19:35:41","slug":"lt215-85r16-m773-swp-ii-2","status":"publish","type":"product","link":"https:\/\/stmtires.com\/es\/shop\/bridgestone-es\/lt215-85r16-m773-swp-ii-2\/","title":{"rendered":"LT215\/85R16 M773 SWP II"},"content":{"rendered":"<p>Neum\u00e1tico radial para camiones ligeros comerciales de todas las estaciones recomendado para veh\u00edculos de reparto, furgonetas y camiones de mudanzas. Neum\u00e1tico de equipo original (OE) en veh\u00edculos seleccionados.<\/p>\n","protected":false},"excerpt":{"rendered":"<p>Neum\u00e1tico radial para camiones ligeros comerciales de todas las estaciones recomendado para veh\u00edculos de reparto, furgonetas y camiones de mudanzas. Neum\u00e1tico de equipo original (OE) en veh\u00edculos seleccionados.<\/p>\n","protected":false},"featured_media":0,"comment_status":"open","ping_status":"closed","template":"","meta":{"_acf_changed":false,"subheading":[]},"product_model":[25691],"product_brand":[],"product_cat":[19286,19242,19289,19316],"product_tag":[],"class_list":{"0":"post-182719","1":"product","2":"type-product","3":"status-publish","5":"product_model-m773-swp-swp-ii-es","6":"product_cat-camion-autobus-comercial","7":"product_cat-equipo-original-oe","8":"product_cat-radial-es","9":"product_cat-todas-las-posiciones","10":"pa_tire-size-215-85r16-es","12":"first","13":"instock","14":"shipping-taxable","15":"purchasable","16":"product-type-simple"},"acf":[],"_links":{"self":[{"href":"https:\/\/stmtires.com\/es\/wp-json\/wp\/v2\/product\/182719","targetHints":{"allow":["GET"]}}],"collection":[{"href":"https:\/\/stmtires.com\/es\/wp-json\/wp\/v2\/product"}],"about":[{"href":"https:\/\/stmtires.com\/es\/wp-json\/wp\/v2\/types\/product"}],"replies":[{"embeddable":true,"href":"https:\/\/stmtires.com\/es\/wp-json\/wp\/v2\/comments?post=182719"}],"wp:attachment":[{"href":"https:\/\/stmtires.com\/es\/wp-json\/wp\/v2\/media?parent=182719"}],"wp:term":[{"taxonomy":"product_model","embeddable":true,"href":"https:\/\/stmtires.com\/es\/wp-json\/wp\/v2\/product_model?post=182719"},{"taxonomy":"product_brand","embeddable":true,"href":"https:\/\/stmtires.com\/es\/wp-json\/wp\/v2\/product_brand?post=182719"},{"taxonomy":"product_cat","embeddable":true,"href":"https:\/\/stmtires.com\/es\/wp-json\/wp\/v2\/product_cat?post=182719"},{"taxonomy":"product_tag","embeddable":true,"href":"https:\/\/stmtires.com\/es\/wp-json\/wp\/v2\/product_tag?post=182719"}],"curies":[{"name":"wp","href":"https:\/\/api.w.org\/{rel}","templated":true}]}}