{"id":182724,"date":"2022-05-12T11:46:50","date_gmt":"2022-05-12T16:46:50","guid":{"rendered":"https:\/\/website.dev.stmtires.com\/shop\/sin categor\u00eda\/18-00-33-32pr-tl-super-rock-grip-deep-tread-e-4\/"},"modified":"2022-05-12T11:46:50","modified_gmt":"2022-05-12T16:46:50","slug":"18-00-33-32pr-tl-super-rock-grip-deep-tread-e-4-2","status":"publish","type":"product","link":"https:\/\/stmtires.com\/es\/shop\/firestone-es\/18-00-33-32pr-tl-super-rock-grip-deep-tread-e-4-2\/","title":{"rendered":"18.00-33 32PR TL SUPER ROCK GRIP DEEP TREAD E-4"},"content":{"rendered":"<p>OTR E-4 Super Rock Grip Deep Tread Bias Earthmoving neum\u00e1tico dise\u00f1ado para una variedad de camiones de transporte, as\u00ed como una serie de aplicaciones industriales.<\/p>\n","protected":false},"excerpt":{"rendered":"<p>OTR E-4 Super Rock Grip Deep Tread Bias Earthmoving neum\u00e1tico dise\u00f1ado para una variedad de camiones de transporte, as\u00ed como una serie de aplicaciones industriales.<\/p>\n","protected":false},"featured_media":0,"comment_status":"open","ping_status":"closed","template":"","meta":{"_acf_changed":false,"subheading":[]},"product_model":[25470],"product_brand":[15736],"product_cat":[19304,19295,19355,19253],"product_tag":[],"class_list":{"0":"post-182724","1":"product","2":"type-product","3":"status-publish","5":"product_model-srg-dt-super-rock-grip-deep-tread-e-4-es","6":"product_brand-firestone-es","7":"product_cat-banda-de-rodadura-profunda","8":"product_cat-industrial-es","9":"product_cat-predisposicion","10":"product_cat-uncategorized","11":"pa_tire-size-18r33-es","13":"first","14":"instock","15":"shipping-taxable","16":"purchasable","17":"product-type-simple"},"acf":[],"_links":{"self":[{"href":"https:\/\/stmtires.com\/es\/wp-json\/wp\/v2\/product\/182724","targetHints":{"allow":["GET"]}}],"collection":[{"href":"https:\/\/stmtires.com\/es\/wp-json\/wp\/v2\/product"}],"about":[{"href":"https:\/\/stmtires.com\/es\/wp-json\/wp\/v2\/types\/product"}],"replies":[{"embeddable":true,"href":"https:\/\/stmtires.com\/es\/wp-json\/wp\/v2\/comments?post=182724"}],"wp:attachment":[{"href":"https:\/\/stmtires.com\/es\/wp-json\/wp\/v2\/media?parent=182724"}],"wp:term":[{"taxonomy":"product_model","embeddable":true,"href":"https:\/\/stmtires.com\/es\/wp-json\/wp\/v2\/product_model?post=182724"},{"taxonomy":"product_brand","embeddable":true,"href":"https:\/\/stmtires.com\/es\/wp-json\/wp\/v2\/product_brand?post=182724"},{"taxonomy":"product_cat","embeddable":true,"href":"https:\/\/stmtires.com\/es\/wp-json\/wp\/v2\/product_cat?post=182724"},{"taxonomy":"product_tag","embeddable":true,"href":"https:\/\/stmtires.com\/es\/wp-json\/wp\/v2\/product_tag?post=182724"}],"curies":[{"name":"wp","href":"https:\/\/api.w.org\/{rel}","templated":true}]}}