{"id":182725,"date":"2022-05-12T10:34:07","date_gmt":"2022-05-12T15:34:07","guid":{"rendered":"https:\/\/website.dev.stmtires.com\/shop\/sin categor\u00eda\/lt215-85r16-m-54\/"},"modified":"2022-05-12T10:34:07","modified_gmt":"2022-05-12T15:34:07","slug":"lt215-85r16-m-54-2","status":"publish","type":"product","link":"https:\/\/stmtires.com\/es\/shop\/toyo-es\/lt215-85r16-m-54-2\/","title":{"rendered":"LT215\/85R16 M-54"},"content":{"rendered":"<p>El M-54 es un neum\u00e1tico de costilla de carretera para todas las posiciones para uso diario en camiones de trabajo pesados y en aplicaciones comerciales. Ofrece un largo kilometraje, un manejo s\u00f3lido, una conducci\u00f3n silenciosa y una excelente tracci\u00f3n en mojado en todas las posiciones de las ruedas.<\/p>\n","protected":false},"excerpt":{"rendered":"<p>El M-54 es un neum\u00e1tico de costilla de carretera para todas las posiciones para uso diario en camiones de trabajo pesados y en aplicaciones comerciales. Ofrece un largo kilometraje, un manejo s\u00f3lido, una conducci\u00f3n silenciosa y una excelente tracci\u00f3n en mojado en todas las posiciones de las ruedas.<\/p>\n","protected":false},"featured_media":0,"comment_status":"open","ping_status":"closed","template":"","meta":{"_acf_changed":false,"subheading":[]},"product_model":[25445],"product_brand":[15760],"product_cat":[23763],"product_tag":[],"class_list":{"0":"post-182725","1":"product","2":"type-product","3":"status-publish","5":"product_model-m-54-es","6":"product_brand-toyo-es","7":"product_cat-uncategorized-es","8":"pa_tire-size-215-85r16-es","10":"first","11":"instock","12":"shipping-taxable","13":"purchasable","14":"product-type-simple"},"acf":[],"_links":{"self":[{"href":"https:\/\/stmtires.com\/es\/wp-json\/wp\/v2\/product\/182725","targetHints":{"allow":["GET"]}}],"collection":[{"href":"https:\/\/stmtires.com\/es\/wp-json\/wp\/v2\/product"}],"about":[{"href":"https:\/\/stmtires.com\/es\/wp-json\/wp\/v2\/types\/product"}],"replies":[{"embeddable":true,"href":"https:\/\/stmtires.com\/es\/wp-json\/wp\/v2\/comments?post=182725"}],"wp:attachment":[{"href":"https:\/\/stmtires.com\/es\/wp-json\/wp\/v2\/media?parent=182725"}],"wp:term":[{"taxonomy":"product_model","embeddable":true,"href":"https:\/\/stmtires.com\/es\/wp-json\/wp\/v2\/product_model?post=182725"},{"taxonomy":"product_brand","embeddable":true,"href":"https:\/\/stmtires.com\/es\/wp-json\/wp\/v2\/product_brand?post=182725"},{"taxonomy":"product_cat","embeddable":true,"href":"https:\/\/stmtires.com\/es\/wp-json\/wp\/v2\/product_cat?post=182725"},{"taxonomy":"product_tag","embeddable":true,"href":"https:\/\/stmtires.com\/es\/wp-json\/wp\/v2\/product_tag?post=182725"}],"curies":[{"name":"wp","href":"https:\/\/api.w.org\/{rel}","templated":true}]}}