{"id":182732,"date":"2022-05-12T18:14:36","date_gmt":"2022-05-12T23:14:36","guid":{"rendered":"https:\/\/website.dev.stmtires.com\/shop\/sin categor\u00eda\/18-00-33-32pr-tl-y523-rer-e-4\/"},"modified":"2022-05-12T18:14:36","modified_gmt":"2022-05-12T23:14:36","slug":"18-00-33-32pr-tl-y523-rer-e-4-2","status":"publish","type":"product","link":"https:\/\/stmtires.com\/es\/shop\/yokohama\/18-00-33-32pr-tl-y523-rer-e-4-2\/","title":{"rendered":"18.00-33 32PR TL Y523 RER E-4"},"content":{"rendered":"<p>OTR Y523 IND-4 Banda de rodadura profunda<\/p>\n<p>neum\u00e1tico con asignaci\u00f3n de carga pesada Ideal para apiladores de troncos y manipuladores de troncos. Neum\u00e1tico Y523 E-4 Rock Deep Tread para uso en camiones de volteo en condiciones altamente abrasivas.<\/p>\n","protected":false},"excerpt":{"rendered":"<p>OTR Y523 IND-4 Banda de rodadura profunda neum\u00e1tico con asignaci\u00f3n de carga pesada Ideal para apiladores de troncos y manipuladores de troncos. Neum\u00e1tico Y523 E-4 Rock Deep Tread para uso en camiones de volteo en condiciones altamente abrasivas.<\/p>\n","protected":false},"featured_media":0,"comment_status":"open","ping_status":"closed","template":"","meta":{"_acf_changed":false,"subheading":[]},"product_model":[22886],"product_brand":[54],"product_cat":[19304,16316,19253],"product_tag":[],"class_list":{"0":"post-182732","1":"product","2":"type-product","3":"status-publish","5":"product_model-y523-es","6":"product_brand-yokohama","7":"product_cat-banda-de-rodadura-profunda","8":"product_cat-deep-tread","9":"product_cat-uncategorized","10":"pa_tire-size-18r33-es","12":"first","13":"instock","14":"shipping-taxable","15":"purchasable","16":"product-type-simple"},"acf":[],"_links":{"self":[{"href":"https:\/\/stmtires.com\/es\/wp-json\/wp\/v2\/product\/182732","targetHints":{"allow":["GET"]}}],"collection":[{"href":"https:\/\/stmtires.com\/es\/wp-json\/wp\/v2\/product"}],"about":[{"href":"https:\/\/stmtires.com\/es\/wp-json\/wp\/v2\/types\/product"}],"replies":[{"embeddable":true,"href":"https:\/\/stmtires.com\/es\/wp-json\/wp\/v2\/comments?post=182732"}],"wp:attachment":[{"href":"https:\/\/stmtires.com\/es\/wp-json\/wp\/v2\/media?parent=182732"}],"wp:term":[{"taxonomy":"product_model","embeddable":true,"href":"https:\/\/stmtires.com\/es\/wp-json\/wp\/v2\/product_model?post=182732"},{"taxonomy":"product_brand","embeddable":true,"href":"https:\/\/stmtires.com\/es\/wp-json\/wp\/v2\/product_brand?post=182732"},{"taxonomy":"product_cat","embeddable":true,"href":"https:\/\/stmtires.com\/es\/wp-json\/wp\/v2\/product_cat?post=182732"},{"taxonomy":"product_tag","embeddable":true,"href":"https:\/\/stmtires.com\/es\/wp-json\/wp\/v2\/product_tag?post=182732"}],"curies":[{"name":"wp","href":"https:\/\/api.w.org\/{rel}","templated":true}]}}