{"id":182895,"date":"2022-05-12T16:06:11","date_gmt":"2022-05-12T21:06:11","guid":{"rendered":"https:\/\/website.dev.stmtires.com\/shop\/sin categor\u00eda\/lt215-85r16-d-r265\/"},"modified":"2022-05-12T16:06:11","modified_gmt":"2022-05-12T21:06:11","slug":"lt215-85r16-d-r265-2","status":"publish","type":"product","link":"https:\/\/stmtires.com\/es\/shop\/bridgestone-es\/lt215-85r16-d-r265-2\/","title":{"rendered":"LT215\/85R16 D R265"},"content":{"rendered":"<p>Neum\u00e1tico de dise\u00f1o de costilla radial con correa de acero para todas las estaciones para cami\u00f3n \/ camioneta ligera comercial.<\/p>\n","protected":false},"excerpt":{"rendered":"<p>Neum\u00e1tico de dise\u00f1o de costilla radial con correa de acero para todas las estaciones para cami\u00f3n \/ camioneta ligera comercial.<\/p>\n","protected":false},"featured_media":0,"comment_status":"open","ping_status":"closed","template":"","meta":{"_acf_changed":false,"subheading":[]},"product_model":[25930],"product_brand":[],"product_cat":[19261,19324,19289,19316,19253],"product_tag":[],"class_list":{"0":"post-182895","1":"product","2":"type-product","3":"status-publish","5":"product_model-r265-es","6":"product_cat-camion-ligero-comercial-furgoneta","7":"product_cat-costilla","8":"product_cat-radial-es","9":"product_cat-todas-las-posiciones","10":"product_cat-uncategorized","11":"pa_tire-size-215-85r16-es","13":"first","14":"instock","15":"shipping-taxable","16":"purchasable","17":"product-type-simple"},"acf":[],"_links":{"self":[{"href":"https:\/\/stmtires.com\/es\/wp-json\/wp\/v2\/product\/182895","targetHints":{"allow":["GET"]}}],"collection":[{"href":"https:\/\/stmtires.com\/es\/wp-json\/wp\/v2\/product"}],"about":[{"href":"https:\/\/stmtires.com\/es\/wp-json\/wp\/v2\/types\/product"}],"replies":[{"embeddable":true,"href":"https:\/\/stmtires.com\/es\/wp-json\/wp\/v2\/comments?post=182895"}],"wp:attachment":[{"href":"https:\/\/stmtires.com\/es\/wp-json\/wp\/v2\/media?parent=182895"}],"wp:term":[{"taxonomy":"product_model","embeddable":true,"href":"https:\/\/stmtires.com\/es\/wp-json\/wp\/v2\/product_model?post=182895"},{"taxonomy":"product_brand","embeddable":true,"href":"https:\/\/stmtires.com\/es\/wp-json\/wp\/v2\/product_brand?post=182895"},{"taxonomy":"product_cat","embeddable":true,"href":"https:\/\/stmtires.com\/es\/wp-json\/wp\/v2\/product_cat?post=182895"},{"taxonomy":"product_tag","embeddable":true,"href":"https:\/\/stmtires.com\/es\/wp-json\/wp\/v2\/product_tag?post=182895"}],"curies":[{"name":"wp","href":"https:\/\/api.w.org\/{rel}","templated":true}]}}