{"id":183118,"date":"2022-05-12T11:26:17","date_gmt":"2022-05-12T16:26:17","guid":{"rendered":"https:\/\/website.dev.stmtires.com\/shop\/sin categor\u00eda\/18-4-34-c-tt-campeon-spade-grip-r-2\/"},"modified":"2022-05-12T11:26:17","modified_gmt":"2022-05-12T16:26:17","slug":"18-4-34-c-tt-campeon-espada-agarre-r-2","status":"publish","type":"product","link":"https:\/\/stmtires.com\/es\/shop\/firestone-es\/18-4-34-c-tt-campeon-espada-agarre-r-2\/","title":{"rendered":"18.4-34 C TT CAMPE\u00d3N SPADE GRIP R-2"},"content":{"rendered":"<p>Neum\u00e1tico agr\u00edcola R-2 Extra-Deep Rear Tractor Drive dise\u00f1ado para condiciones de suelo h\u00famedo. Una excelente opci\u00f3n para aplicaciones de arroz y ca\u00f1a de az\u00facar.<\/p>\n","protected":false},"excerpt":{"rendered":"<p>Neum\u00e1tico agr\u00edcola R-2 Extra-Deep Rear Tractor Drive dise\u00f1ado para condiciones de suelo h\u00famedo. Una excelente opci\u00f3n para aplicaciones de arroz y ca\u00f1a de az\u00facar.<\/p>\n","protected":false},"featured_media":0,"comment_status":"open","ping_status":"closed","template":"","meta":{"_acf_changed":false,"subheading":[]},"product_model":[25506],"product_brand":[15736],"product_cat":[26128,19288,26129,19253],"product_tag":[],"class_list":{"0":"post-183118","1":"product","2":"type-product","3":"status-publish","5":"product_model-champion-spade-grip-r-2-es","6":"product_brand-firestone-es","7":"product_cat-agricola","8":"product_cat-conducir","9":"product_cat-tractor-es","10":"product_cat-uncategorized","11":"pa_tire-size-184r34","13":"first","14":"instock","15":"shipping-taxable","16":"purchasable","17":"product-type-simple"},"acf":[],"_links":{"self":[{"href":"https:\/\/stmtires.com\/es\/wp-json\/wp\/v2\/product\/183118","targetHints":{"allow":["GET"]}}],"collection":[{"href":"https:\/\/stmtires.com\/es\/wp-json\/wp\/v2\/product"}],"about":[{"href":"https:\/\/stmtires.com\/es\/wp-json\/wp\/v2\/types\/product"}],"replies":[{"embeddable":true,"href":"https:\/\/stmtires.com\/es\/wp-json\/wp\/v2\/comments?post=183118"}],"wp:attachment":[{"href":"https:\/\/stmtires.com\/es\/wp-json\/wp\/v2\/media?parent=183118"}],"wp:term":[{"taxonomy":"product_model","embeddable":true,"href":"https:\/\/stmtires.com\/es\/wp-json\/wp\/v2\/product_model?post=183118"},{"taxonomy":"product_brand","embeddable":true,"href":"https:\/\/stmtires.com\/es\/wp-json\/wp\/v2\/product_brand?post=183118"},{"taxonomy":"product_cat","embeddable":true,"href":"https:\/\/stmtires.com\/es\/wp-json\/wp\/v2\/product_cat?post=183118"},{"taxonomy":"product_tag","embeddable":true,"href":"https:\/\/stmtires.com\/es\/wp-json\/wp\/v2\/product_tag?post=183118"}],"curies":[{"name":"wp","href":"https:\/\/api.w.org\/{rel}","templated":true}]}}