{"id":183140,"date":"2022-05-12T11:21:42","date_gmt":"2022-05-12T16:21:42","guid":{"rendered":"https:\/\/website.dev.stmtires.com\/shop\/sin categor\u00eda\/if480-80r50-tl-banda-de-rodadura-profunda-radial-23-ad2-r-1w\/"},"modified":"2022-05-12T11:21:42","modified_gmt":"2022-05-12T16:21:42","slug":"if480-80r50-tl-radial-deep-tread-23-ad2-r-1w-2","status":"publish","type":"product","link":"https:\/\/stmtires.com\/es\/shop\/firestone-es\/if480-80r50-tl-radial-deep-tread-23-ad2-r-1w-2\/","title":{"rendered":"IF480\/80R50 TL BANDA DE RODADURA PROFUNDA RADIAL 23\u00b0 AD2 R-1W"},"content":{"rendered":"<p>Neum\u00e1tico de tracci\u00f3n trasera de banda de rodadura trasera radial agr\u00edcola R-1W dise\u00f1ado para tractores de alta potencia y adecuado para suelos h\u00famedos a h\u00famedos.<\/p>\n","protected":false},"excerpt":{"rendered":"<p>Neum\u00e1tico de tracci\u00f3n trasera de banda de rodadura trasera radial agr\u00edcola R-1W dise\u00f1ado para tractores de alta potencia y adecuado para suelos h\u00famedos a h\u00famedos.<\/p>\n","protected":false},"featured_media":0,"comment_status":"open","ping_status":"closed","template":"","meta":{"_acf_changed":false,"subheading":[]},"product_model":[22422],"product_brand":[15736],"product_cat":[26128,19304,19288,19289,26129,19253],"product_tag":[],"class_list":{"0":"post-183140","1":"product","2":"type-product","3":"status-publish","5":"product_model-radial-deep-tread-23-r-1w-es-2","6":"product_brand-firestone-es","7":"product_cat-agricola","8":"product_cat-banda-de-rodadura-profunda","9":"product_cat-conducir","10":"product_cat-radial-es","11":"product_cat-tractor-es","12":"product_cat-uncategorized","13":"pa_tire-size-480-80r50-es","15":"first","16":"instock","17":"shipping-taxable","18":"purchasable","19":"product-type-simple"},"acf":[],"_links":{"self":[{"href":"https:\/\/stmtires.com\/es\/wp-json\/wp\/v2\/product\/183140","targetHints":{"allow":["GET"]}}],"collection":[{"href":"https:\/\/stmtires.com\/es\/wp-json\/wp\/v2\/product"}],"about":[{"href":"https:\/\/stmtires.com\/es\/wp-json\/wp\/v2\/types\/product"}],"replies":[{"embeddable":true,"href":"https:\/\/stmtires.com\/es\/wp-json\/wp\/v2\/comments?post=183140"}],"wp:attachment":[{"href":"https:\/\/stmtires.com\/es\/wp-json\/wp\/v2\/media?parent=183140"}],"wp:term":[{"taxonomy":"product_model","embeddable":true,"href":"https:\/\/stmtires.com\/es\/wp-json\/wp\/v2\/product_model?post=183140"},{"taxonomy":"product_brand","embeddable":true,"href":"https:\/\/stmtires.com\/es\/wp-json\/wp\/v2\/product_brand?post=183140"},{"taxonomy":"product_cat","embeddable":true,"href":"https:\/\/stmtires.com\/es\/wp-json\/wp\/v2\/product_cat?post=183140"},{"taxonomy":"product_tag","embeddable":true,"href":"https:\/\/stmtires.com\/es\/wp-json\/wp\/v2\/product_tag?post=183140"}],"curies":[{"name":"wp","href":"https:\/\/api.w.org\/{rel}","templated":true}]}}