{"id":183148,"date":"2022-05-12T11:41:10","date_gmt":"2022-05-12T16:41:10","guid":{"rendered":"https:\/\/website.dev.stmtires.com\/shop\/sin categor\u00eda\/if420-85r38-tl-radial-toda-traccion-dt-r-1w-ad2\/"},"modified":"2022-05-12T11:41:10","modified_gmt":"2022-05-12T16:41:10","slug":"if420-85r38-tl-radial-all-traction-dt-r-1w-ad2-2","status":"publish","type":"product","link":"https:\/\/stmtires.com\/es\/shop\/firestone-es\/if420-85r38-tl-radial-all-traction-dt-r-1w-ad2-2\/","title":{"rendered":"IF420\/85R38 TL RADIAL TODA TRACCI\u00d3N DT R-1W AD2"},"content":{"rendered":"<p>Neum\u00e1tico de banda de rodadura profunda radial agr\u00edcola R-1W Rear Tractor Drive Deep. Dise\u00f1ado tanto para la agricultura de tierras anchas como para cultivos en hileras estrechas.<\/p>\n","protected":false},"excerpt":{"rendered":"<p>Neum\u00e1tico de banda de rodadura profunda radial agr\u00edcola R-1W Rear Tractor Drive Deep. Dise\u00f1ado tanto para la agricultura de tierras anchas como para cultivos en hileras estrechas.<\/p>\n","protected":false},"featured_media":0,"comment_status":"open","ping_status":"closed","template":"","meta":{"_acf_changed":false,"subheading":[]},"product_model":[22423],"product_brand":[15736],"product_cat":[26128,19304,19288,26135,19289,26129,19253],"product_tag":[],"class_list":{"0":"post-183148","1":"product","2":"type-product","3":"status-publish","5":"product_model-radial-all-traction-dt-r-1w-es","6":"product_brand-firestone-es","7":"product_cat-agricola","8":"product_cat-banda-de-rodadura-profunda","9":"product_cat-conducir","10":"product_cat-granja","11":"product_cat-radial-es","12":"product_cat-tractor-es","13":"product_cat-uncategorized","14":"pa_tire-size-420-85r38-es","16":"first","17":"instock","18":"shipping-taxable","19":"purchasable","20":"product-type-simple"},"acf":[],"_links":{"self":[{"href":"https:\/\/stmtires.com\/es\/wp-json\/wp\/v2\/product\/183148","targetHints":{"allow":["GET"]}}],"collection":[{"href":"https:\/\/stmtires.com\/es\/wp-json\/wp\/v2\/product"}],"about":[{"href":"https:\/\/stmtires.com\/es\/wp-json\/wp\/v2\/types\/product"}],"replies":[{"embeddable":true,"href":"https:\/\/stmtires.com\/es\/wp-json\/wp\/v2\/comments?post=183148"}],"wp:attachment":[{"href":"https:\/\/stmtires.com\/es\/wp-json\/wp\/v2\/media?parent=183148"}],"wp:term":[{"taxonomy":"product_model","embeddable":true,"href":"https:\/\/stmtires.com\/es\/wp-json\/wp\/v2\/product_model?post=183148"},{"taxonomy":"product_brand","embeddable":true,"href":"https:\/\/stmtires.com\/es\/wp-json\/wp\/v2\/product_brand?post=183148"},{"taxonomy":"product_cat","embeddable":true,"href":"https:\/\/stmtires.com\/es\/wp-json\/wp\/v2\/product_cat?post=183148"},{"taxonomy":"product_tag","embeddable":true,"href":"https:\/\/stmtires.com\/es\/wp-json\/wp\/v2\/product_tag?post=183148"}],"curies":[{"name":"wp","href":"https:\/\/api.w.org\/{rel}","templated":true}]}}