{"id":183195,"date":"2022-05-12T12:55:26","date_gmt":"2022-05-12T17:55:26","guid":{"rendered":"https:\/\/website.dev.stmtires.com\/shop\/sin categor\u00eda\/control-de-implementos-if320-70r15-tl\/"},"modified":"2022-05-12T12:55:26","modified_gmt":"2022-05-12T17:55:26","slug":"if320-70r15-tl-implement-control-2","status":"publish","type":"product","link":"https:\/\/stmtires.com\/es\/shop\/bfgoodrich-es\/if320-70r15-tl-implement-control-2\/","title":{"rendered":"CONTROL DE IMPLEMENTOS IF320\/70R15 TL"},"content":{"rendered":"<p>Neum\u00e1tico agr\u00edcola radial especialmente dise\u00f1ado para implementos pull-behind como tillers, jardineras y empacadoras en situaciones de carga pesada.<\/p>\n","protected":false},"excerpt":{"rendered":"<p>Neum\u00e1tico agr\u00edcola radial especialmente dise\u00f1ado para implementos pull-behind como tillers, jardineras y empacadoras en situaciones de carga pesada.<\/p>\n","protected":false},"featured_media":109137,"comment_status":"open","ping_status":"closed","template":"","meta":{"_acf_changed":false,"subheading":[]},"product_model":[25675],"product_brand":[15735],"product_cat":[19253],"product_tag":[],"class_list":{"0":"post-183195","1":"product","2":"type-product","3":"status-publish","4":"has-post-thumbnail","6":"product_model-implement-control-es","7":"product_brand-bfgoodrich-es","8":"product_cat-uncategorized","9":"pa_tire-size-320-70r15-es","11":"first","12":"instock","13":"shipping-taxable","14":"purchasable","15":"product-type-simple"},"acf":[],"_links":{"self":[{"href":"https:\/\/stmtires.com\/es\/wp-json\/wp\/v2\/product\/183195","targetHints":{"allow":["GET"]}}],"collection":[{"href":"https:\/\/stmtires.com\/es\/wp-json\/wp\/v2\/product"}],"about":[{"href":"https:\/\/stmtires.com\/es\/wp-json\/wp\/v2\/types\/product"}],"replies":[{"embeddable":true,"href":"https:\/\/stmtires.com\/es\/wp-json\/wp\/v2\/comments?post=183195"}],"wp:featuredmedia":[{"embeddable":true,"href":"https:\/\/stmtires.com\/es\/wp-json\/wp\/v2\/media\/109137"}],"wp:attachment":[{"href":"https:\/\/stmtires.com\/es\/wp-json\/wp\/v2\/media?parent=183195"}],"wp:term":[{"taxonomy":"product_model","embeddable":true,"href":"https:\/\/stmtires.com\/es\/wp-json\/wp\/v2\/product_model?post=183195"},{"taxonomy":"product_brand","embeddable":true,"href":"https:\/\/stmtires.com\/es\/wp-json\/wp\/v2\/product_brand?post=183195"},{"taxonomy":"product_cat","embeddable":true,"href":"https:\/\/stmtires.com\/es\/wp-json\/wp\/v2\/product_cat?post=183195"},{"taxonomy":"product_tag","embeddable":true,"href":"https:\/\/stmtires.com\/es\/wp-json\/wp\/v2\/product_tag?post=183195"}],"curies":[{"name":"wp","href":"https:\/\/api.w.org\/{rel}","templated":true}]}}