{"id":183266,"date":"2022-05-12T11:33:34","date_gmt":"2022-05-12T16:33:34","guid":{"rendered":"https:\/\/website.dev.stmtires.com\/shop\/sin categor\u00eda\/si-800-70r38-tl-axiobib\/"},"modified":"2022-05-12T11:33:34","modified_gmt":"2022-05-12T16:33:34","slug":"if-800-70r38-tl-axiobib-2","status":"publish","type":"product","link":"https:\/\/stmtires.com\/es\/shop\/michelin-es\/if-800-70r38-tl-axiobib-2\/","title":{"rendered":"SI 800\/70R38 TL AXIOBIB"},"content":{"rendered":"<p>Neum\u00e1tico de tractor agr\u00edcola. Con tecnolog\u00eda Ultraflex\u2122: una innovaci\u00f3n de Michelin que le permite transportar la misma carga a presiones m\u00e1s bajas o cargas m\u00e1s pesadas a la misma presi\u00f3n.<\/p>\n","protected":false},"excerpt":{"rendered":"<p>Neum\u00e1tico de tractor agr\u00edcola. Con tecnolog\u00eda Ultraflex\u2122: una innovaci\u00f3n de Michelin que le permite transportar la misma carga a presiones m\u00e1s bajas o cargas m\u00e1s pesadas a la misma presi\u00f3n.<\/p>\n","protected":false},"featured_media":0,"comment_status":"open","ping_status":"closed","template":"","meta":{"_acf_changed":false,"subheading":[]},"product_model":[25482],"product_brand":[15734],"product_cat":[19253],"product_tag":[],"class_list":{"0":"post-183266","1":"product","2":"type-product","3":"status-publish","5":"product_model-axiobib-es","6":"product_brand-michelin-es","7":"product_cat-uncategorized","8":"pa_tire-size-800-70r38-es","10":"first","11":"instock","12":"shipping-taxable","13":"purchasable","14":"product-type-simple"},"acf":[],"_links":{"self":[{"href":"https:\/\/stmtires.com\/es\/wp-json\/wp\/v2\/product\/183266","targetHints":{"allow":["GET"]}}],"collection":[{"href":"https:\/\/stmtires.com\/es\/wp-json\/wp\/v2\/product"}],"about":[{"href":"https:\/\/stmtires.com\/es\/wp-json\/wp\/v2\/types\/product"}],"replies":[{"embeddable":true,"href":"https:\/\/stmtires.com\/es\/wp-json\/wp\/v2\/comments?post=183266"}],"wp:attachment":[{"href":"https:\/\/stmtires.com\/es\/wp-json\/wp\/v2\/media?parent=183266"}],"wp:term":[{"taxonomy":"product_model","embeddable":true,"href":"https:\/\/stmtires.com\/es\/wp-json\/wp\/v2\/product_model?post=183266"},{"taxonomy":"product_brand","embeddable":true,"href":"https:\/\/stmtires.com\/es\/wp-json\/wp\/v2\/product_brand?post=183266"},{"taxonomy":"product_cat","embeddable":true,"href":"https:\/\/stmtires.com\/es\/wp-json\/wp\/v2\/product_cat?post=183266"},{"taxonomy":"product_tag","embeddable":true,"href":"https:\/\/stmtires.com\/es\/wp-json\/wp\/v2\/product_tag?post=183266"}],"curies":[{"name":"wp","href":"https:\/\/api.w.org\/{rel}","templated":true}]}}