{"id":183831,"date":"2022-05-12T11:23:22","date_gmt":"2022-05-12T16:23:22","guid":{"rendered":"https:\/\/website.dev.stmtires.com\/shop\/sin categor\u00eda\/900-60r32-4-tl-radial-toda-la-traccion-23-r-1\/"},"modified":"2022-05-12T11:23:22","modified_gmt":"2022-05-12T16:23:22","slug":"900-60r32-4-tl-radial-all-traction-23-r-1-2","status":"publish","type":"product","link":"https:\/\/stmtires.com\/es\/shop\/firestone-es\/900-60r32-4-tl-radial-all-traction-23-r-1-2\/","title":{"rendered":"900\/60R32 4* TL RADIAL TODA LA TRACCI\u00d3N 23\u00b0 R-1"},"content":{"rendered":"<p>Neum\u00e1tico de tractor trasero radial agr\u00edcola R-1 que proporciona la m\u00e1xima tracci\u00f3n en suelos de Am\u00e9rica del Norte.<\/p>\n","protected":false},"excerpt":{"rendered":"<p>Neum\u00e1tico de tractor trasero radial agr\u00edcola R-1 que proporciona la m\u00e1xima tracci\u00f3n en suelos de Am\u00e9rica del Norte.<\/p>\n","protected":false},"featured_media":0,"comment_status":"open","ping_status":"closed","template":"","meta":{"_acf_changed":false,"subheading":[]},"product_model":[25497],"product_brand":[15736],"product_cat":[26128,19289,26129,19253],"product_tag":[],"class_list":{"0":"post-183831","1":"product","2":"type-product","3":"status-publish","5":"product_model-radial-all-traction-23-r-1-es","6":"product_brand-firestone-es","7":"product_cat-agricola","8":"product_cat-radial-es","9":"product_cat-tractor-es","10":"product_cat-uncategorized","11":"pa_tire-size-900-60r32-es","13":"first","14":"instock","15":"shipping-taxable","16":"purchasable","17":"product-type-simple"},"acf":[],"_links":{"self":[{"href":"https:\/\/stmtires.com\/es\/wp-json\/wp\/v2\/product\/183831","targetHints":{"allow":["GET"]}}],"collection":[{"href":"https:\/\/stmtires.com\/es\/wp-json\/wp\/v2\/product"}],"about":[{"href":"https:\/\/stmtires.com\/es\/wp-json\/wp\/v2\/types\/product"}],"replies":[{"embeddable":true,"href":"https:\/\/stmtires.com\/es\/wp-json\/wp\/v2\/comments?post=183831"}],"wp:attachment":[{"href":"https:\/\/stmtires.com\/es\/wp-json\/wp\/v2\/media?parent=183831"}],"wp:term":[{"taxonomy":"product_model","embeddable":true,"href":"https:\/\/stmtires.com\/es\/wp-json\/wp\/v2\/product_model?post=183831"},{"taxonomy":"product_brand","embeddable":true,"href":"https:\/\/stmtires.com\/es\/wp-json\/wp\/v2\/product_brand?post=183831"},{"taxonomy":"product_cat","embeddable":true,"href":"https:\/\/stmtires.com\/es\/wp-json\/wp\/v2\/product_cat?post=183831"},{"taxonomy":"product_tag","embeddable":true,"href":"https:\/\/stmtires.com\/es\/wp-json\/wp\/v2\/product_tag?post=183831"}],"curies":[{"name":"wp","href":"https:\/\/api.w.org\/{rel}","templated":true}]}}