{"id":184163,"date":"2022-05-12T10:41:18","date_gmt":"2022-05-12T15:41:18","guid":{"rendered":"https:\/\/website.dev.stmtires.com\/shop\/sin categor\u00eda\/9-5-22-b-tl-cesped-y-campo-r-3\/"},"modified":"2022-05-12T10:41:18","modified_gmt":"2022-05-12T15:41:18","slug":"9-5-22-b-tl-turf-and-field-r-3-2","status":"publish","type":"product","link":"https:\/\/stmtires.com\/es\/shop\/firestone-es\/9-5-22-b-tl-turf-and-field-r-3-2\/","title":{"rendered":"9.5-22 B TL C\u00c9SPED Y CAMPO R-3"},"content":{"rendered":"<p>Neum\u00e1tico agr\u00edcola R-3 Bias dise\u00f1ado para el uso del eje motriz en campos de golf y parques.<\/p>\n","protected":false},"excerpt":{"rendered":"<p>Neum\u00e1tico agr\u00edcola R-3 Bias dise\u00f1ado para el uso del eje motriz en campos de golf y parques.<\/p>\n","protected":false},"featured_media":0,"comment_status":"open","ping_status":"closed","template":"","meta":{"_acf_changed":false,"subheading":[]},"product_model":[25552],"product_brand":[15736],"product_cat":[26128,19288,19349,16281,19355,19253],"product_tag":[],"class_list":{"0":"post-184163","1":"product","2":"type-product","3":"status-publish","5":"product_model-turf-and-field-r-3-es","6":"product_brand-firestone-es","7":"product_cat-agricola","8":"product_cat-conducir","9":"product_cat-golf-es","10":"product_cat-golf","11":"product_cat-predisposicion","12":"product_cat-uncategorized","13":"pa_tire-size-9-5r22-es","15":"first","16":"instock","17":"shipping-taxable","18":"purchasable","19":"product-type-simple"},"acf":[],"_links":{"self":[{"href":"https:\/\/stmtires.com\/es\/wp-json\/wp\/v2\/product\/184163","targetHints":{"allow":["GET"]}}],"collection":[{"href":"https:\/\/stmtires.com\/es\/wp-json\/wp\/v2\/product"}],"about":[{"href":"https:\/\/stmtires.com\/es\/wp-json\/wp\/v2\/types\/product"}],"replies":[{"embeddable":true,"href":"https:\/\/stmtires.com\/es\/wp-json\/wp\/v2\/comments?post=184163"}],"wp:attachment":[{"href":"https:\/\/stmtires.com\/es\/wp-json\/wp\/v2\/media?parent=184163"}],"wp:term":[{"taxonomy":"product_model","embeddable":true,"href":"https:\/\/stmtires.com\/es\/wp-json\/wp\/v2\/product_model?post=184163"},{"taxonomy":"product_brand","embeddable":true,"href":"https:\/\/stmtires.com\/es\/wp-json\/wp\/v2\/product_brand?post=184163"},{"taxonomy":"product_cat","embeddable":true,"href":"https:\/\/stmtires.com\/es\/wp-json\/wp\/v2\/product_cat?post=184163"},{"taxonomy":"product_tag","embeddable":true,"href":"https:\/\/stmtires.com\/es\/wp-json\/wp\/v2\/product_tag?post=184163"}],"curies":[{"name":"wp","href":"https:\/\/api.w.org\/{rel}","templated":true}]}}