{"id":184419,"date":"2022-05-12T11:30:07","date_gmt":"2022-05-12T16:30:07","guid":{"rendered":"https:\/\/website.dev.stmtires.com\/shop\/sin categor\u00eda\/accionamiento-de-potencia-9-00-20-e\/"},"modified":"2022-05-12T11:30:07","modified_gmt":"2022-05-12T16:30:07","slug":"9-00-20-e-power-drive-2","status":"publish","type":"product","link":"https:\/\/stmtires.com\/es\/shop\/firestone-es\/9-00-20-e-power-drive-2\/","title":{"rendered":"ACCIONAMIENTO DE POTENCIA 9.00-20 E"},"content":{"rendered":"<p>Cami\u00f3n\/Autob\u00fas Comercial. Neum\u00e1tico bias de cami\u00f3n de servicio mediano.<\/p>\n","protected":false},"excerpt":{"rendered":"<p>Cami\u00f3n\/Autob\u00fas Comercial. Neum\u00e1tico bias de cami\u00f3n de servicio mediano.<\/p>\n","protected":false},"featured_media":226269,"comment_status":"open","ping_status":"closed","template":"","meta":{"_acf_changed":false,"subheading":[]},"product_model":[22405],"product_brand":[15736],"product_cat":[19286,19355,19253],"product_tag":[],"class_list":{"0":"post-184419","1":"product","2":"type-product","3":"status-publish","4":"has-post-thumbnail","6":"product_model-power-drive-es-2","7":"product_brand-firestone-es","8":"product_cat-camion-autobus-comercial","9":"product_cat-predisposicion","10":"product_cat-uncategorized","11":"pa_tire-size-9r20-es","13":"first","14":"instock","15":"shipping-taxable","16":"purchasable","17":"product-type-simple"},"acf":[],"_links":{"self":[{"href":"https:\/\/stmtires.com\/es\/wp-json\/wp\/v2\/product\/184419","targetHints":{"allow":["GET"]}}],"collection":[{"href":"https:\/\/stmtires.com\/es\/wp-json\/wp\/v2\/product"}],"about":[{"href":"https:\/\/stmtires.com\/es\/wp-json\/wp\/v2\/types\/product"}],"replies":[{"embeddable":true,"href":"https:\/\/stmtires.com\/es\/wp-json\/wp\/v2\/comments?post=184419"}],"wp:featuredmedia":[{"embeddable":true,"href":"https:\/\/stmtires.com\/es\/wp-json\/wp\/v2\/media\/226269"}],"wp:attachment":[{"href":"https:\/\/stmtires.com\/es\/wp-json\/wp\/v2\/media?parent=184419"}],"wp:term":[{"taxonomy":"product_model","embeddable":true,"href":"https:\/\/stmtires.com\/es\/wp-json\/wp\/v2\/product_model?post=184419"},{"taxonomy":"product_brand","embeddable":true,"href":"https:\/\/stmtires.com\/es\/wp-json\/wp\/v2\/product_brand?post=184419"},{"taxonomy":"product_cat","embeddable":true,"href":"https:\/\/stmtires.com\/es\/wp-json\/wp\/v2\/product_cat?post=184419"},{"taxonomy":"product_tag","embeddable":true,"href":"https:\/\/stmtires.com\/es\/wp-json\/wp\/v2\/product_tag?post=184419"}],"curies":[{"name":"wp","href":"https:\/\/api.w.org\/{rel}","templated":true}]}}