{"id":184510,"date":"2022-05-12T14:21:31","date_gmt":"2022-05-12T19:21:31","guid":{"rendered":"https:\/\/website.dev.stmtires.com\/shop\/sin categor\u00eda\/185-65r14-potenza-re910\/"},"modified":"2022-05-12T14:21:31","modified_gmt":"2022-05-12T19:21:31","slug":"185-65r14-potenza-re910-2","status":"publish","type":"product","link":"https:\/\/stmtires.com\/es\/shop\/tires\/185-65r14-potenza-re910-2\/","title":{"rendered":"185\/65R14 POTENZA RE910"},"content":{"rendered":"<p>El Potenza RE910 con UNI-T est\u00e1 dise\u00f1ado para ofrecer un rendimiento excepcional en mojado, especialmente en mojado, al tiempo que proporciona un excelente rendimiento en seco. Est\u00e1 disponible en una amplia variedad de tama\u00f1os para adaptarse a veh\u00edculos de alto rendimiento nacionales e importados.<\/p>\n","protected":false},"excerpt":{"rendered":"<p>El Potenza RE910 con UNI-T est\u00e1 dise\u00f1ado para ofrecer un rendimiento excepcional en mojado, especialmente en mojado, al tiempo que proporciona un excelente rendimiento en seco. Est\u00e1 disponible en una amplia variedad de tama\u00f1os para adaptarse a veh\u00edculos de alto rendimiento nacionales e importados.<\/p>\n","protected":false},"featured_media":135008,"comment_status":"open","ping_status":"closed","template":"","meta":{"_acf_changed":false,"subheading":[]},"product_model":[25783],"product_brand":[],"product_cat":[],"product_tag":[],"class_list":{"0":"post-184510","1":"product","2":"type-product","3":"status-publish","4":"has-post-thumbnail","6":"product_model-potenza-re910-uni-t-es","8":"first","9":"instock","10":"shipping-taxable","11":"purchasable","12":"product-type-simple"},"acf":[],"_links":{"self":[{"href":"https:\/\/stmtires.com\/es\/wp-json\/wp\/v2\/product\/184510","targetHints":{"allow":["GET"]}}],"collection":[{"href":"https:\/\/stmtires.com\/es\/wp-json\/wp\/v2\/product"}],"about":[{"href":"https:\/\/stmtires.com\/es\/wp-json\/wp\/v2\/types\/product"}],"replies":[{"embeddable":true,"href":"https:\/\/stmtires.com\/es\/wp-json\/wp\/v2\/comments?post=184510"}],"wp:featuredmedia":[{"embeddable":true,"href":"https:\/\/stmtires.com\/es\/wp-json\/wp\/v2\/media\/135008"}],"wp:attachment":[{"href":"https:\/\/stmtires.com\/es\/wp-json\/wp\/v2\/media?parent=184510"}],"wp:term":[{"taxonomy":"product_model","embeddable":true,"href":"https:\/\/stmtires.com\/es\/wp-json\/wp\/v2\/product_model?post=184510"},{"taxonomy":"product_brand","embeddable":true,"href":"https:\/\/stmtires.com\/es\/wp-json\/wp\/v2\/product_brand?post=184510"},{"taxonomy":"product_cat","embeddable":true,"href":"https:\/\/stmtires.com\/es\/wp-json\/wp\/v2\/product_cat?post=184510"},{"taxonomy":"product_tag","embeddable":true,"href":"https:\/\/stmtires.com\/es\/wp-json\/wp\/v2\/product_tag?post=184510"}],"curies":[{"name":"wp","href":"https:\/\/api.w.org\/{rel}","templated":true}]}}