{"id":184543,"date":"2022-05-12T14:22:33","date_gmt":"2022-05-12T19:22:33","guid":{"rendered":"https:\/\/website.dev.stmtires.com\/shop\/sin categor\u00eda\/8r17-5lt-e-r273-swp\/"},"modified":"2022-05-12T14:22:33","modified_gmt":"2022-05-12T19:22:33","slug":"8r17-5lt-e-r273-swp-2","status":"publish","type":"product","link":"https:\/\/stmtires.com\/es\/shop\/bridgestone-es\/8r17-5lt-e-r273-swp-2\/","title":{"rendered":"8R17.5LT E R273 SWP"},"content":{"rendered":"<p>Cami\u00f3n\/Autob\u00fas Comercial. Cami\u00f3n de servicio mediano Todo el tiempo Neum\u00e1tico radial en carretera ideal para usar en posiciones de direcci\u00f3n.<\/p>\n","protected":false},"excerpt":{"rendered":"<p>Cami\u00f3n\/Autob\u00fas Comercial. Cami\u00f3n de servicio mediano Todo el tiempo Neum\u00e1tico radial en carretera ideal para usar en posiciones de direcci\u00f3n.<\/p>\n","protected":false},"featured_media":0,"comment_status":"open","ping_status":"closed","template":"","meta":{"_acf_changed":false,"subheading":[]},"product_model":[25685],"product_brand":[],"product_cat":[19286,19321,19289,19287,16269],"product_tag":[],"class_list":{"0":"post-184543","1":"product","2":"type-product","3":"status-publish","5":"product_model-r273-swp-es-2","6":"product_cat-camion-autobus-comercial","7":"product_cat-conducir-es","8":"product_cat-radial-es","9":"product_cat-servicio-de-autopistas","10":"product_cat-steer","11":"pa_tire-size-8r17-5-es","13":"first","14":"instock","15":"shipping-taxable","16":"purchasable","17":"product-type-simple"},"acf":[],"_links":{"self":[{"href":"https:\/\/stmtires.com\/es\/wp-json\/wp\/v2\/product\/184543","targetHints":{"allow":["GET"]}}],"collection":[{"href":"https:\/\/stmtires.com\/es\/wp-json\/wp\/v2\/product"}],"about":[{"href":"https:\/\/stmtires.com\/es\/wp-json\/wp\/v2\/types\/product"}],"replies":[{"embeddable":true,"href":"https:\/\/stmtires.com\/es\/wp-json\/wp\/v2\/comments?post=184543"}],"wp:attachment":[{"href":"https:\/\/stmtires.com\/es\/wp-json\/wp\/v2\/media?parent=184543"}],"wp:term":[{"taxonomy":"product_model","embeddable":true,"href":"https:\/\/stmtires.com\/es\/wp-json\/wp\/v2\/product_model?post=184543"},{"taxonomy":"product_brand","embeddable":true,"href":"https:\/\/stmtires.com\/es\/wp-json\/wp\/v2\/product_brand?post=184543"},{"taxonomy":"product_cat","embeddable":true,"href":"https:\/\/stmtires.com\/es\/wp-json\/wp\/v2\/product_cat?post=184543"},{"taxonomy":"product_tag","embeddable":true,"href":"https:\/\/stmtires.com\/es\/wp-json\/wp\/v2\/product_tag?post=184543"}],"curies":[{"name":"wp","href":"https:\/\/api.w.org\/{rel}","templated":true}]}}