{"id":184774,"date":"2022-05-12T10:12:27","date_gmt":"2022-05-12T15:12:27","guid":{"rendered":"https:\/\/website.dev.stmtires.com\/shop\/sin categor\u00eda\/185-65r15-afinidad\/"},"modified":"2022-05-12T10:12:27","modified_gmt":"2022-05-12T15:12:27","slug":"185-65r15-afinidad","status":"publish","type":"product","link":"https:\/\/stmtires.com\/es\/shop\/tires\/185-65r15-afinidad\/","title":{"rendered":"185\/65R15 AFINIDAD"},"content":{"rendered":"<p>Neum\u00e1tico de equipo original (OE) en veh\u00edculos seleccionados. Consulte Tama\u00f1os y especificaciones para accesorios de equipos originales.  <\/p>\n","protected":false},"excerpt":{"rendered":"<p>Neum\u00e1tico de equipo original (OE) en veh\u00edculos seleccionados. Consulte Tama\u00f1os y especificaciones para accesorios de equipos originales.<\/p>\n","protected":false},"featured_media":106677,"comment_status":"open","ping_status":"closed","template":"","meta":{"_acf_changed":false,"subheading":[]},"product_model":[25392],"product_brand":[],"product_cat":[],"product_tag":[],"class_list":{"0":"post-184774","1":"product","2":"type-product","3":"status-publish","4":"has-post-thumbnail","6":"product_model-affinity-affinity-hp-es","8":"first","9":"instock","10":"shipping-taxable","11":"purchasable","12":"product-type-simple"},"acf":[],"_links":{"self":[{"href":"https:\/\/stmtires.com\/es\/wp-json\/wp\/v2\/product\/184774","targetHints":{"allow":["GET"]}}],"collection":[{"href":"https:\/\/stmtires.com\/es\/wp-json\/wp\/v2\/product"}],"about":[{"href":"https:\/\/stmtires.com\/es\/wp-json\/wp\/v2\/types\/product"}],"replies":[{"embeddable":true,"href":"https:\/\/stmtires.com\/es\/wp-json\/wp\/v2\/comments?post=184774"}],"wp:featuredmedia":[{"embeddable":true,"href":"https:\/\/stmtires.com\/es\/wp-json\/wp\/v2\/media\/106677"}],"wp:attachment":[{"href":"https:\/\/stmtires.com\/es\/wp-json\/wp\/v2\/media?parent=184774"}],"wp:term":[{"taxonomy":"product_model","embeddable":true,"href":"https:\/\/stmtires.com\/es\/wp-json\/wp\/v2\/product_model?post=184774"},{"taxonomy":"product_brand","embeddable":true,"href":"https:\/\/stmtires.com\/es\/wp-json\/wp\/v2\/product_brand?post=184774"},{"taxonomy":"product_cat","embeddable":true,"href":"https:\/\/stmtires.com\/es\/wp-json\/wp\/v2\/product_cat?post=184774"},{"taxonomy":"product_tag","embeddable":true,"href":"https:\/\/stmtires.com\/es\/wp-json\/wp\/v2\/product_tag?post=184774"}],"curies":[{"name":"wp","href":"https:\/\/api.w.org\/{rel}","templated":true}]}}