{"id":185214,"date":"2022-05-12T16:40:30","date_gmt":"2022-05-12T21:40:30","guid":{"rendered":"https:\/\/website.dev.stmtires.com\/shop\/sin categor\u00eda\/8-18-c-tt-servicio-agricola-lug-m\/"},"modified":"2022-05-12T16:40:30","modified_gmt":"2022-05-12T21:40:30","slug":"8-18-c-tt-farm-service-lug-m-2","status":"publish","type":"product","link":"https:\/\/stmtires.com\/es\/shop\/bridgestone-es\/8-18-c-tt-farm-service-lug-m-2\/","title":{"rendered":"8-18 C TT SERVICIO AGR\u00cdCOLA LUG-M"},"content":{"rendered":"<p>Tractor Agr\u00edcola R-1 neum\u00e1tico para Trabajo Agr\u00edcola General.<\/p>\n","protected":false},"excerpt":{"rendered":"<p>Tractor Agr\u00edcola R-1 neum\u00e1tico para Trabajo Agr\u00edcola General.<\/p>\n","protected":false},"featured_media":0,"comment_status":"open","ping_status":"closed","template":"","meta":{"_acf_changed":false,"subheading":[]},"product_model":[25809],"product_brand":[],"product_cat":[26128,26135,25986,26129,19253],"product_tag":[],"class_list":{"0":"post-185214","1":"product","2":"type-product","3":"status-publish","5":"product_model-farm-service-lug-m-es","6":"product_cat-agricola","7":"product_cat-granja","8":"product_cat-luz-de-pasajero","9":"product_cat-tractor-es","10":"product_cat-uncategorized","11":"pa_tire-size-8r18-es","13":"first","14":"instock","15":"shipping-taxable","16":"purchasable","17":"product-type-simple"},"acf":[],"_links":{"self":[{"href":"https:\/\/stmtires.com\/es\/wp-json\/wp\/v2\/product\/185214","targetHints":{"allow":["GET"]}}],"collection":[{"href":"https:\/\/stmtires.com\/es\/wp-json\/wp\/v2\/product"}],"about":[{"href":"https:\/\/stmtires.com\/es\/wp-json\/wp\/v2\/types\/product"}],"replies":[{"embeddable":true,"href":"https:\/\/stmtires.com\/es\/wp-json\/wp\/v2\/comments?post=185214"}],"wp:attachment":[{"href":"https:\/\/stmtires.com\/es\/wp-json\/wp\/v2\/media?parent=185214"}],"wp:term":[{"taxonomy":"product_model","embeddable":true,"href":"https:\/\/stmtires.com\/es\/wp-json\/wp\/v2\/product_model?post=185214"},{"taxonomy":"product_brand","embeddable":true,"href":"https:\/\/stmtires.com\/es\/wp-json\/wp\/v2\/product_brand?post=185214"},{"taxonomy":"product_cat","embeddable":true,"href":"https:\/\/stmtires.com\/es\/wp-json\/wp\/v2\/product_cat?post=185214"},{"taxonomy":"product_tag","embeddable":true,"href":"https:\/\/stmtires.com\/es\/wp-json\/wp\/v2\/product_tag?post=185214"}],"curies":[{"name":"wp","href":"https:\/\/api.w.org\/{rel}","templated":true}]}}