{"id":185275,"date":"2022-05-12T15:44:58","date_gmt":"2022-05-12T20:44:58","guid":{"rendered":"https:\/\/website.dev.stmtires.com\/shop\/sin categor\u00eda\/185-70r13-daytona-radial-metrico\/"},"modified":"2022-05-12T15:44:58","modified_gmt":"2022-05-12T20:44:58","slug":"185-70r13-daytona-metric-radial-2","status":"publish","type":"product","link":"https:\/\/stmtires.com\/es\/shop\/dayton\/185-70r13-daytona-metric-radial-2\/","title":{"rendered":"185\/70R13 DAYTONA RADIAL M\u00c9TRICO"},"content":{"rendered":"<p>La clasificaci\u00f3n T-Speed significa que el Daytona Metric Radial fue construido para la resistencia a velocidades m\u00e1s altas. La elegante banda de rodadura y el dise\u00f1o de la pared lateral complementan cualquier autom\u00f3vil peque\u00f1o.<\/p>\n","protected":false},"excerpt":{"rendered":"<p>La clasificaci\u00f3n T-Speed significa que el Daytona Metric Radial fue construido para la resistencia a velocidades m\u00e1s altas. La elegante banda de rodadura y el dise\u00f1o de la pared lateral complementan cualquier autom\u00f3vil peque\u00f1o.<\/p>\n","protected":false},"featured_media":0,"comment_status":"open","ping_status":"closed","template":"","meta":{"_acf_changed":false,"subheading":[]},"product_model":[25897],"product_brand":[77],"product_cat":[19289,16265,19253],"product_tag":[],"class_list":{"0":"post-185275","1":"product","2":"type-product","3":"status-publish","5":"product_model-daytona-metric-radial-es","6":"product_brand-dayton","7":"product_cat-radial-es","8":"product_cat-radial","9":"product_cat-uncategorized","10":"pa_tire-size-185-70r13-es","12":"first","13":"instock","14":"shipping-taxable","15":"purchasable","16":"product-type-simple"},"acf":[],"_links":{"self":[{"href":"https:\/\/stmtires.com\/es\/wp-json\/wp\/v2\/product\/185275","targetHints":{"allow":["GET"]}}],"collection":[{"href":"https:\/\/stmtires.com\/es\/wp-json\/wp\/v2\/product"}],"about":[{"href":"https:\/\/stmtires.com\/es\/wp-json\/wp\/v2\/types\/product"}],"replies":[{"embeddable":true,"href":"https:\/\/stmtires.com\/es\/wp-json\/wp\/v2\/comments?post=185275"}],"wp:attachment":[{"href":"https:\/\/stmtires.com\/es\/wp-json\/wp\/v2\/media?parent=185275"}],"wp:term":[{"taxonomy":"product_model","embeddable":true,"href":"https:\/\/stmtires.com\/es\/wp-json\/wp\/v2\/product_model?post=185275"},{"taxonomy":"product_brand","embeddable":true,"href":"https:\/\/stmtires.com\/es\/wp-json\/wp\/v2\/product_brand?post=185275"},{"taxonomy":"product_cat","embeddable":true,"href":"https:\/\/stmtires.com\/es\/wp-json\/wp\/v2\/product_cat?post=185275"},{"taxonomy":"product_tag","embeddable":true,"href":"https:\/\/stmtires.com\/es\/wp-json\/wp\/v2\/product_tag?post=185275"}],"curies":[{"name":"wp","href":"https:\/\/api.w.org\/{rel}","templated":true}]}}