{"id":185374,"date":"2022-05-12T10:10:46","date_gmt":"2022-05-12T15:10:46","guid":{"rendered":"https:\/\/website.dev.stmtires.com\/shop\/sin categor\u00eda\/simetria-185-70r14\/"},"modified":"2022-05-12T10:10:46","modified_gmt":"2022-05-12T15:10:46","slug":"185-70r14-simetria","status":"publish","type":"product","link":"https:\/\/stmtires.com\/es\/shop\/tires\/185-70r14-simetria\/","title":{"rendered":"SIMETR\u00cdA 185\/70R14"},"content":{"rendered":"<p>Equipo original Neum\u00e1tico para autom\u00f3viles de pasajeros para todas las estaciones. Tambi\u00e9n disponible con dise\u00f1o de pared lateral blanca.<\/p>\n","protected":false},"excerpt":{"rendered":"<p>Equipo original Neum\u00e1tico para autom\u00f3viles de pasajeros para todas las estaciones. Tambi\u00e9n disponible con dise\u00f1o de pared lateral blanca.<\/p>\n","protected":false},"featured_media":106633,"comment_status":"open","ping_status":"closed","template":"","meta":{"_acf_changed":false,"subheading":[]},"product_model":[25376],"product_brand":[],"product_cat":[],"product_tag":[],"class_list":{"0":"post-185374","1":"product","2":"type-product","3":"status-publish","4":"has-post-thumbnail","6":"product_model-symmetry-es","8":"first","9":"instock","10":"shipping-taxable","11":"purchasable","12":"product-type-simple"},"acf":[],"_links":{"self":[{"href":"https:\/\/stmtires.com\/es\/wp-json\/wp\/v2\/product\/185374","targetHints":{"allow":["GET"]}}],"collection":[{"href":"https:\/\/stmtires.com\/es\/wp-json\/wp\/v2\/product"}],"about":[{"href":"https:\/\/stmtires.com\/es\/wp-json\/wp\/v2\/types\/product"}],"replies":[{"embeddable":true,"href":"https:\/\/stmtires.com\/es\/wp-json\/wp\/v2\/comments?post=185374"}],"wp:featuredmedia":[{"embeddable":true,"href":"https:\/\/stmtires.com\/es\/wp-json\/wp\/v2\/media\/106633"}],"wp:attachment":[{"href":"https:\/\/stmtires.com\/es\/wp-json\/wp\/v2\/media?parent=185374"}],"wp:term":[{"taxonomy":"product_model","embeddable":true,"href":"https:\/\/stmtires.com\/es\/wp-json\/wp\/v2\/product_model?post=185374"},{"taxonomy":"product_brand","embeddable":true,"href":"https:\/\/stmtires.com\/es\/wp-json\/wp\/v2\/product_brand?post=185374"},{"taxonomy":"product_cat","embeddable":true,"href":"https:\/\/stmtires.com\/es\/wp-json\/wp\/v2\/product_cat?post=185374"},{"taxonomy":"product_tag","embeddable":true,"href":"https:\/\/stmtires.com\/es\/wp-json\/wp\/v2\/product_tag?post=185374"}],"curies":[{"name":"wp","href":"https:\/\/api.w.org\/{rel}","templated":true}]}}