{"id":185604,"date":"2022-05-12T10:22:07","date_gmt":"2022-05-12T15:22:07","guid":{"rendered":"https:\/\/website.dev.stmtires.com\/shop\/sin categor\u00eda\/7-50r17-d-xca\/"},"modified":"2022-05-12T10:22:07","modified_gmt":"2022-05-12T15:22:07","slug":"7-50r17-d-xca-2","status":"publish","type":"product","link":"https:\/\/stmtires.com\/es\/shop\/michelin-es\/7-50r17-d-xca-2\/","title":{"rendered":"7.50R17 D XCA"},"content":{"rendered":"<p>Cami\u00f3n\/Autob\u00fas Comercial. Neum\u00e1tico de costilla de carretera de posici\u00f3n completa para camiones de servicio mediano que ayuda a ofrecer un alto kilometraje y una excelente econom\u00eda de combustible en aplicaciones comerciales.<\/p>\n","protected":false},"excerpt":{"rendered":"<p>Cami\u00f3n\/Autob\u00fas Comercial. Neum\u00e1tico de costilla de carretera de posici\u00f3n completa para camiones de servicio mediano que ayuda a ofrecer un alto kilometraje y una excelente econom\u00eda de combustible en aplicaciones comerciales.<\/p>\n","protected":false},"featured_media":0,"comment_status":"open","ping_status":"closed","template":"","meta":{"_acf_changed":false,"subheading":[]},"product_model":[25263],"product_brand":[15734],"product_cat":[19321],"product_tag":[],"class_list":{"0":"post-185604","1":"product","2":"type-product","3":"status-publish","5":"product_model-xca-es","6":"product_brand-michelin-es","7":"product_cat-conducir-es","8":"pa_tire-size-7-5r17-es","10":"first","11":"instock","12":"shipping-taxable","13":"purchasable","14":"product-type-simple"},"acf":[],"_links":{"self":[{"href":"https:\/\/stmtires.com\/es\/wp-json\/wp\/v2\/product\/185604","targetHints":{"allow":["GET"]}}],"collection":[{"href":"https:\/\/stmtires.com\/es\/wp-json\/wp\/v2\/product"}],"about":[{"href":"https:\/\/stmtires.com\/es\/wp-json\/wp\/v2\/types\/product"}],"replies":[{"embeddable":true,"href":"https:\/\/stmtires.com\/es\/wp-json\/wp\/v2\/comments?post=185604"}],"wp:attachment":[{"href":"https:\/\/stmtires.com\/es\/wp-json\/wp\/v2\/media?parent=185604"}],"wp:term":[{"taxonomy":"product_model","embeddable":true,"href":"https:\/\/stmtires.com\/es\/wp-json\/wp\/v2\/product_model?post=185604"},{"taxonomy":"product_brand","embeddable":true,"href":"https:\/\/stmtires.com\/es\/wp-json\/wp\/v2\/product_brand?post=185604"},{"taxonomy":"product_cat","embeddable":true,"href":"https:\/\/stmtires.com\/es\/wp-json\/wp\/v2\/product_cat?post=185604"},{"taxonomy":"product_tag","embeddable":true,"href":"https:\/\/stmtires.com\/es\/wp-json\/wp\/v2\/product_tag?post=185604"}],"curies":[{"name":"wp","href":"https:\/\/api.w.org\/{rel}","templated":true}]}}