{"id":185660,"date":"2022-05-12T14:23:04","date_gmt":"2022-05-12T19:23:04","guid":{"rendered":"https:\/\/website.dev.stmtires.com\/shop\/sin categor\u00eda\/750r16-f-r230\/"},"modified":"2022-05-12T14:23:04","modified_gmt":"2022-05-12T19:23:04","slug":"7-50r16-f-r230-2","status":"publish","type":"product","link":"https:\/\/stmtires.com\/es\/shop\/bridgestone-es\/7-50r16-f-r230-2\/","title":{"rendered":"7,50R16 F R230"},"content":{"rendered":"<p>Neum\u00e1tico de cami\u00f3n ligero comercial radial de todas las estaciones para todas las estaciones. Dise\u00f1ado para viajar en autopista y a altas velocidades.<\/p>\n","protected":false},"excerpt":{"rendered":"<p>Neum\u00e1tico de cami\u00f3n ligero comercial radial de todas las estaciones para todas las estaciones. Dise\u00f1ado para viajar en autopista y a altas velocidades.<\/p>\n","protected":false},"featured_media":0,"comment_status":"open","ping_status":"closed","template":"","meta":{"_acf_changed":false,"subheading":[]},"product_model":[25687],"product_brand":[],"product_cat":[19289,19287,19316],"product_tag":[],"class_list":{"0":"post-185660","1":"product","2":"type-product","3":"status-publish","5":"product_model-r230-es","6":"product_cat-radial-es","7":"product_cat-servicio-de-autopistas","8":"product_cat-todas-las-posiciones","9":"pa_tire-size-7-5r16-es","11":"first","12":"instock","13":"shipping-taxable","14":"purchasable","15":"product-type-simple"},"acf":[],"_links":{"self":[{"href":"https:\/\/stmtires.com\/es\/wp-json\/wp\/v2\/product\/185660","targetHints":{"allow":["GET"]}}],"collection":[{"href":"https:\/\/stmtires.com\/es\/wp-json\/wp\/v2\/product"}],"about":[{"href":"https:\/\/stmtires.com\/es\/wp-json\/wp\/v2\/types\/product"}],"replies":[{"embeddable":true,"href":"https:\/\/stmtires.com\/es\/wp-json\/wp\/v2\/comments?post=185660"}],"wp:attachment":[{"href":"https:\/\/stmtires.com\/es\/wp-json\/wp\/v2\/media?parent=185660"}],"wp:term":[{"taxonomy":"product_model","embeddable":true,"href":"https:\/\/stmtires.com\/es\/wp-json\/wp\/v2\/product_model?post=185660"},{"taxonomy":"product_brand","embeddable":true,"href":"https:\/\/stmtires.com\/es\/wp-json\/wp\/v2\/product_brand?post=185660"},{"taxonomy":"product_cat","embeddable":true,"href":"https:\/\/stmtires.com\/es\/wp-json\/wp\/v2\/product_cat?post=185660"},{"taxonomy":"product_tag","embeddable":true,"href":"https:\/\/stmtires.com\/es\/wp-json\/wp\/v2\/product_tag?post=185660"}],"curies":[{"name":"wp","href":"https:\/\/api.w.org\/{rel}","templated":true}]}}