{"id":185672,"date":"2022-05-12T14:22:05","date_gmt":"2022-05-12T19:22:05","guid":{"rendered":"https:\/\/website.dev.stmtires.com\/shop\/sin categor\u00eda\/7-50r16-d-tl-r230\/"},"modified":"2022-05-12T14:22:05","modified_gmt":"2022-05-12T19:22:05","slug":"7-50r16-d-tl-r230-2","status":"publish","type":"product","link":"https:\/\/stmtires.com\/es\/shop\/bridgestone-es\/7-50r16-d-tl-r230-2\/","title":{"rendered":"7.50R16 D TL R230"},"content":{"rendered":"<p>Neum\u00e1tico de cami\u00f3n ligero comercial radial de todas las estaciones para todas las estaciones. Dise\u00f1ado para viajar en autopista y a altas velocidades.<\/p>\n","protected":false},"excerpt":{"rendered":"<p>Neum\u00e1tico de cami\u00f3n ligero comercial radial de todas las estaciones para todas las estaciones. Dise\u00f1ado para viajar en autopista y a altas velocidades.<\/p>\n","protected":false},"featured_media":0,"comment_status":"open","ping_status":"closed","template":"","meta":{"_acf_changed":false,"subheading":[]},"product_model":[25687],"product_brand":[],"product_cat":[19289,16265,19287,19316],"product_tag":[],"class_list":{"0":"post-185672","1":"product","2":"type-product","3":"status-publish","5":"product_model-r230-es","6":"product_cat-radial-es","7":"product_cat-radial","8":"product_cat-servicio-de-autopistas","9":"product_cat-todas-las-posiciones","10":"pa_tire-size-7-5r16-es","12":"first","13":"instock","14":"shipping-taxable","15":"purchasable","16":"product-type-simple"},"acf":[],"_links":{"self":[{"href":"https:\/\/stmtires.com\/es\/wp-json\/wp\/v2\/product\/185672","targetHints":{"allow":["GET"]}}],"collection":[{"href":"https:\/\/stmtires.com\/es\/wp-json\/wp\/v2\/product"}],"about":[{"href":"https:\/\/stmtires.com\/es\/wp-json\/wp\/v2\/types\/product"}],"replies":[{"embeddable":true,"href":"https:\/\/stmtires.com\/es\/wp-json\/wp\/v2\/comments?post=185672"}],"wp:attachment":[{"href":"https:\/\/stmtires.com\/es\/wp-json\/wp\/v2\/media?parent=185672"}],"wp:term":[{"taxonomy":"product_model","embeddable":true,"href":"https:\/\/stmtires.com\/es\/wp-json\/wp\/v2\/product_model?post=185672"},{"taxonomy":"product_brand","embeddable":true,"href":"https:\/\/stmtires.com\/es\/wp-json\/wp\/v2\/product_brand?post=185672"},{"taxonomy":"product_cat","embeddable":true,"href":"https:\/\/stmtires.com\/es\/wp-json\/wp\/v2\/product_cat?post=185672"},{"taxonomy":"product_tag","embeddable":true,"href":"https:\/\/stmtires.com\/es\/wp-json\/wp\/v2\/product_tag?post=185672"}],"curies":[{"name":"wp","href":"https:\/\/api.w.org\/{rel}","templated":true}]}}