{"id":185743,"date":"2022-05-12T11:26:59","date_gmt":"2022-05-12T16:26:59","guid":{"rendered":"https:\/\/website.dev.stmtires.com\/shop\/sin categor\u00eda\/7-50-20-b-tl-duo-rib-planter-i-1\/"},"modified":"2022-05-12T11:26:59","modified_gmt":"2022-05-12T16:26:59","slug":"7-50-20-b-tl-duo-rib-planter-i-1-2","status":"publish","type":"product","link":"https:\/\/stmtires.com\/es\/shop\/firestone-es\/7-50-20-b-tl-duo-rib-planter-i-1-2\/","title":{"rendered":"7.50-20 B TL DUO RIB PLANTER I-1"},"content":{"rendered":"<p>Neum\u00e1tico de implemento acanalado de sesgo agr\u00edcola I-1 dise\u00f1ado espec\u00edficamente para reafirmar el suelo alrededor de la semilla a medida que se planta.<\/p>\n","protected":false},"excerpt":{"rendered":"<p>Neum\u00e1tico de implemento acanalado de sesgo agr\u00edcola I-1 dise\u00f1ado espec\u00edficamente para reafirmar el suelo alrededor de la semilla a medida que se planta.<\/p>\n","protected":false},"featured_media":226284,"comment_status":"open","ping_status":"closed","template":"","meta":{"_acf_changed":false,"subheading":[]},"product_model":[25513],"product_brand":[15736],"product_cat":[26128,19324,26130,19355,16312,19253],"product_tag":[],"class_list":{"0":"post-185743","1":"product","2":"type-product","3":"status-publish","4":"has-post-thumbnail","6":"product_model-duo-rib-planter-i-1-es","7":"product_brand-firestone-es","8":"product_cat-agricola","9":"product_cat-costilla","10":"product_cat-instrumento","11":"product_cat-predisposicion","12":"product_cat-rib","13":"product_cat-uncategorized","14":"pa_tire-size-7-5r20-es","16":"first","17":"instock","18":"shipping-taxable","19":"purchasable","20":"product-type-simple"},"acf":[],"_links":{"self":[{"href":"https:\/\/stmtires.com\/es\/wp-json\/wp\/v2\/product\/185743","targetHints":{"allow":["GET"]}}],"collection":[{"href":"https:\/\/stmtires.com\/es\/wp-json\/wp\/v2\/product"}],"about":[{"href":"https:\/\/stmtires.com\/es\/wp-json\/wp\/v2\/types\/product"}],"replies":[{"embeddable":true,"href":"https:\/\/stmtires.com\/es\/wp-json\/wp\/v2\/comments?post=185743"}],"wp:featuredmedia":[{"embeddable":true,"href":"https:\/\/stmtires.com\/es\/wp-json\/wp\/v2\/media\/226284"}],"wp:attachment":[{"href":"https:\/\/stmtires.com\/es\/wp-json\/wp\/v2\/media?parent=185743"}],"wp:term":[{"taxonomy":"product_model","embeddable":true,"href":"https:\/\/stmtires.com\/es\/wp-json\/wp\/v2\/product_model?post=185743"},{"taxonomy":"product_brand","embeddable":true,"href":"https:\/\/stmtires.com\/es\/wp-json\/wp\/v2\/product_brand?post=185743"},{"taxonomy":"product_cat","embeddable":true,"href":"https:\/\/stmtires.com\/es\/wp-json\/wp\/v2\/product_cat?post=185743"},{"taxonomy":"product_tag","embeddable":true,"href":"https:\/\/stmtires.com\/es\/wp-json\/wp\/v2\/product_tag?post=185743"}],"curies":[{"name":"wp","href":"https:\/\/api.w.org\/{rel}","templated":true}]}}