{"id":185787,"date":"2022-05-12T16:15:30","date_gmt":"2022-05-12T21:15:30","guid":{"rendered":"https:\/\/website.dev.stmtires.com\/shop\/sin categor\u00eda\/7-50-16-c-tl-rodillo-de-carretera-c-1\/"},"modified":"2022-05-12T16:15:30","modified_gmt":"2022-05-12T21:15:30","slug":"7-50-16-c-tl-road-roller-c-1-2","status":"publish","type":"product","link":"https:\/\/stmtires.com\/es\/shop\/bridgestone-es\/7-50-16-c-tl-road-roller-c-1-2\/","title":{"rendered":"7.50-16 C TL RODILLO DE CARRETERA C-1"},"content":{"rendered":"<p>Bias OTR Compactador C-1 Neum\u00e1tico de banda de rodadura lisa dise\u00f1ado para equipos de compactaci\u00f3n y pavimentaci\u00f3n.<\/p>\n","protected":false},"excerpt":{"rendered":"<p>Bias OTR Compactador C-1 Neum\u00e1tico de banda de rodadura lisa dise\u00f1ado para equipos de compactaci\u00f3n y pavimentaci\u00f3n.<\/p>\n","protected":false},"featured_media":0,"comment_status":"open","ping_status":"closed","template":"","meta":{"_acf_changed":false,"subheading":[]},"product_model":[22967],"product_brand":[],"product_cat":[19355,19298,19253],"product_tag":[],"class_list":{"0":"post-185787","1":"product","2":"type-product","3":"status-publish","5":"product_model-rr-road-roller-es","6":"product_cat-predisposicion","7":"product_cat-suave","8":"product_cat-uncategorized","9":"pa_tire-size-7-5r16-es","11":"first","12":"instock","13":"shipping-taxable","14":"purchasable","15":"product-type-simple"},"acf":[],"_links":{"self":[{"href":"https:\/\/stmtires.com\/es\/wp-json\/wp\/v2\/product\/185787","targetHints":{"allow":["GET"]}}],"collection":[{"href":"https:\/\/stmtires.com\/es\/wp-json\/wp\/v2\/product"}],"about":[{"href":"https:\/\/stmtires.com\/es\/wp-json\/wp\/v2\/types\/product"}],"replies":[{"embeddable":true,"href":"https:\/\/stmtires.com\/es\/wp-json\/wp\/v2\/comments?post=185787"}],"wp:attachment":[{"href":"https:\/\/stmtires.com\/es\/wp-json\/wp\/v2\/media?parent=185787"}],"wp:term":[{"taxonomy":"product_model","embeddable":true,"href":"https:\/\/stmtires.com\/es\/wp-json\/wp\/v2\/product_model?post=185787"},{"taxonomy":"product_brand","embeddable":true,"href":"https:\/\/stmtires.com\/es\/wp-json\/wp\/v2\/product_brand?post=185787"},{"taxonomy":"product_cat","embeddable":true,"href":"https:\/\/stmtires.com\/es\/wp-json\/wp\/v2\/product_cat?post=185787"},{"taxonomy":"product_tag","embeddable":true,"href":"https:\/\/stmtires.com\/es\/wp-json\/wp\/v2\/product_tag?post=185787"}],"curies":[{"name":"wp","href":"https:\/\/api.w.org\/{rel}","templated":true}]}}