{"id":185911,"date":"2022-05-12T14:48:56","date_gmt":"2022-05-12T19:48:56","guid":{"rendered":"https:\/\/website.dev.stmtires.com\/shop\/sin categor\u00eda\/7-00r15-d-r230\/"},"modified":"2022-05-12T14:48:56","modified_gmt":"2022-05-12T19:48:56","slug":"7-00r15-d-r230-2","status":"publish","type":"product","link":"https:\/\/stmtires.com\/es\/shop\/bridgestone-es\/7-00r15-d-r230-2\/","title":{"rendered":"7.00R15 D R230"},"content":{"rendered":"<p>Neum\u00e1tico de cami\u00f3n ligero comercial radial de todas las estaciones para todas las estaciones. Dise\u00f1ado para viajar en autopista y a altas velocidades.<\/p>\n","protected":false},"excerpt":{"rendered":"<p>Neum\u00e1tico de cami\u00f3n ligero comercial radial de todas las estaciones para todas las estaciones. Dise\u00f1ado para viajar en autopista y a altas velocidades.<\/p>\n","protected":false},"featured_media":0,"comment_status":"open","ping_status":"closed","template":"","meta":{"_acf_changed":false,"subheading":[]},"product_model":[25687],"product_brand":[],"product_cat":[19289,19287,19316],"product_tag":[],"class_list":{"0":"post-185911","1":"product","2":"type-product","3":"status-publish","5":"product_model-r230-es","6":"product_cat-radial-es","7":"product_cat-servicio-de-autopistas","8":"product_cat-todas-las-posiciones","9":"pa_tire-size-7r15-es","11":"first","12":"instock","13":"shipping-taxable","14":"purchasable","15":"product-type-simple"},"acf":[],"_links":{"self":[{"href":"https:\/\/stmtires.com\/es\/wp-json\/wp\/v2\/product\/185911","targetHints":{"allow":["GET"]}}],"collection":[{"href":"https:\/\/stmtires.com\/es\/wp-json\/wp\/v2\/product"}],"about":[{"href":"https:\/\/stmtires.com\/es\/wp-json\/wp\/v2\/types\/product"}],"replies":[{"embeddable":true,"href":"https:\/\/stmtires.com\/es\/wp-json\/wp\/v2\/comments?post=185911"}],"wp:attachment":[{"href":"https:\/\/stmtires.com\/es\/wp-json\/wp\/v2\/media?parent=185911"}],"wp:term":[{"taxonomy":"product_model","embeddable":true,"href":"https:\/\/stmtires.com\/es\/wp-json\/wp\/v2\/product_model?post=185911"},{"taxonomy":"product_brand","embeddable":true,"href":"https:\/\/stmtires.com\/es\/wp-json\/wp\/v2\/product_brand?post=185911"},{"taxonomy":"product_cat","embeddable":true,"href":"https:\/\/stmtires.com\/es\/wp-json\/wp\/v2\/product_cat?post=185911"},{"taxonomy":"product_tag","embeddable":true,"href":"https:\/\/stmtires.com\/es\/wp-json\/wp\/v2\/product_tag?post=185911"}],"curies":[{"name":"wp","href":"https:\/\/api.w.org\/{rel}","templated":true}]}}