{"id":186197,"date":"2022-05-12T11:24:48","date_gmt":"2022-05-12T16:24:48","guid":{"rendered":"https:\/\/website.dev.stmtires.com\/shop\/sin categor\u00eda\/66x43-00-25-g-flotacion-23-extra-deep-tread-logger-hf-4\/"},"modified":"2022-05-12T11:24:48","modified_gmt":"2022-05-12T16:24:48","slug":"66x43-00-25-g-flotacion-23-extra-profundidad-banda-de-rodadura-registrador-hf-4","status":"publish","type":"product","link":"https:\/\/stmtires.com\/es\/shop\/firestone-es\/66x43-00-25-g-flotacion-23-extra-profundidad-banda-de-rodadura-registrador-hf-4\/","title":{"rendered":"66X43.00-25 G FLOTACI\u00d3N 23\u00b0 EXTRA DEEP TREAD LOGGER HF-4"},"content":{"rendered":"<p>Neum\u00e1tico de alta flotaci\u00f3n de sesgo extraprofundo HF-4 de silvicultura agr\u00edcola para una m\u00e1xima tracci\u00f3n en suelos h\u00famedos a blandos.<\/p>\n","protected":false},"excerpt":{"rendered":"<p>Neum\u00e1tico de alta flotaci\u00f3n de sesgo extraprofundo HF-4 de silvicultura agr\u00edcola para una m\u00e1xima tracci\u00f3n en suelos h\u00famedos a blandos.<\/p>\n","protected":false},"featured_media":0,"comment_status":"open","ping_status":"closed","template":"","meta":{"_acf_changed":false,"subheading":[]},"product_model":[25560],"product_brand":[15736],"product_cat":[26128,16260,19355,19253],"product_tag":[],"class_list":{"0":"post-186197","1":"product","2":"type-product","3":"status-publish","5":"product_model-flotation-23-extra-deep-tread-logger-hf-4-es","6":"product_brand-firestone-es","7":"product_cat-agricola","8":"product_cat-bias","9":"product_cat-predisposicion","10":"product_cat-uncategorized","11":"pa_tire-size-66x43r25-es","13":"first","14":"instock","15":"shipping-taxable","16":"purchasable","17":"product-type-simple"},"acf":[],"_links":{"self":[{"href":"https:\/\/stmtires.com\/es\/wp-json\/wp\/v2\/product\/186197","targetHints":{"allow":["GET"]}}],"collection":[{"href":"https:\/\/stmtires.com\/es\/wp-json\/wp\/v2\/product"}],"about":[{"href":"https:\/\/stmtires.com\/es\/wp-json\/wp\/v2\/types\/product"}],"replies":[{"embeddable":true,"href":"https:\/\/stmtires.com\/es\/wp-json\/wp\/v2\/comments?post=186197"}],"wp:attachment":[{"href":"https:\/\/stmtires.com\/es\/wp-json\/wp\/v2\/media?parent=186197"}],"wp:term":[{"taxonomy":"product_model","embeddable":true,"href":"https:\/\/stmtires.com\/es\/wp-json\/wp\/v2\/product_model?post=186197"},{"taxonomy":"product_brand","embeddable":true,"href":"https:\/\/stmtires.com\/es\/wp-json\/wp\/v2\/product_brand?post=186197"},{"taxonomy":"product_cat","embeddable":true,"href":"https:\/\/stmtires.com\/es\/wp-json\/wp\/v2\/product_cat?post=186197"},{"taxonomy":"product_tag","embeddable":true,"href":"https:\/\/stmtires.com\/es\/wp-json\/wp\/v2\/product_tag?post=186197"}],"curies":[{"name":"wp","href":"https:\/\/api.w.org\/{rel}","templated":true}]}}