{"id":186271,"date":"2022-05-12T11:33:32","date_gmt":"2022-05-12T16:33:32","guid":{"rendered":"https:\/\/website.dev.stmtires.com\/shop\/sin categor\u00eda\/650-65r42-tl-multibib\/"},"modified":"2022-05-12T11:33:32","modified_gmt":"2022-05-12T16:33:32","slug":"650-65r42-tl-multibib-2","status":"publish","type":"product","link":"https:\/\/stmtires.com\/es\/shop\/michelin-es\/650-65r42-tl-multibib-2\/","title":{"rendered":"650\/65R42 TL MULTIBIB"},"content":{"rendered":"<p>Neum\u00e1tico de tractor multiprop\u00f3sito m\u00e1s ancho, eficiente de media y alta potencia.<\/p>\n","protected":false},"excerpt":{"rendered":"<p>Neum\u00e1tico de tractor multiprop\u00f3sito m\u00e1s ancho, eficiente de media y alta potencia.<\/p>\n","protected":false},"featured_media":0,"comment_status":"open","ping_status":"closed","template":"","meta":{"_acf_changed":false,"subheading":[]},"product_model":[25481],"product_brand":[15734],"product_cat":[19253],"product_tag":[],"class_list":{"0":"post-186271","1":"product","2":"type-product","3":"status-publish","5":"product_model-multibib-es","6":"product_brand-michelin-es","7":"product_cat-uncategorized","8":"pa_tire-size-650-65r42-es","10":"first","11":"instock","12":"shipping-taxable","13":"purchasable","14":"product-type-simple"},"acf":[],"_links":{"self":[{"href":"https:\/\/stmtires.com\/es\/wp-json\/wp\/v2\/product\/186271","targetHints":{"allow":["GET"]}}],"collection":[{"href":"https:\/\/stmtires.com\/es\/wp-json\/wp\/v2\/product"}],"about":[{"href":"https:\/\/stmtires.com\/es\/wp-json\/wp\/v2\/types\/product"}],"replies":[{"embeddable":true,"href":"https:\/\/stmtires.com\/es\/wp-json\/wp\/v2\/comments?post=186271"}],"wp:attachment":[{"href":"https:\/\/stmtires.com\/es\/wp-json\/wp\/v2\/media?parent=186271"}],"wp:term":[{"taxonomy":"product_model","embeddable":true,"href":"https:\/\/stmtires.com\/es\/wp-json\/wp\/v2\/product_model?post=186271"},{"taxonomy":"product_brand","embeddable":true,"href":"https:\/\/stmtires.com\/es\/wp-json\/wp\/v2\/product_brand?post=186271"},{"taxonomy":"product_cat","embeddable":true,"href":"https:\/\/stmtires.com\/es\/wp-json\/wp\/v2\/product_cat?post=186271"},{"taxonomy":"product_tag","embeddable":true,"href":"https:\/\/stmtires.com\/es\/wp-json\/wp\/v2\/product_tag?post=186271"}],"curies":[{"name":"wp","href":"https:\/\/api.w.org\/{rel}","templated":true}]}}