{"id":186461,"date":"2022-05-12T11:31:09","date_gmt":"2022-05-12T16:31:09","guid":{"rendered":"https:\/\/website.dev.stmtires.com\/shop\/sin categor\u00eda\/620-70r38-tl-megaxbib\/"},"modified":"2022-05-12T11:31:09","modified_gmt":"2022-05-12T16:31:09","slug":"620-70r38-tl-megaxbib-3","status":"publish","type":"product","link":"https:\/\/stmtires.com\/es\/shop\/michelin-es\/620-70r38-tl-megaxbib-3\/","title":{"rendered":"620\/70R38 TL MEGAXBIB"},"content":{"rendered":"<p>Super Volume Ultra High-Flotation HF-2 y HF-3 Radial neum\u00e1tico. Una excelente opci\u00f3n para situaciones donde la flotaci\u00f3n y la compactaci\u00f3n reducida son cr\u00edticas.<\/p>\n","protected":false},"excerpt":{"rendered":"<p>Super Volume Ultra High-Flotation HF-2 y HF-3 Radial neum\u00e1tico. Una excelente opci\u00f3n para situaciones donde la flotaci\u00f3n y la compactaci\u00f3n reducida son cr\u00edticas.<\/p>\n","protected":false},"featured_media":0,"comment_status":"open","ping_status":"closed","template":"","meta":{"_acf_changed":false,"subheading":[]},"product_model":[22411],"product_brand":[15734],"product_cat":[19253],"product_tag":[],"class_list":{"0":"post-186461","1":"product","2":"type-product","3":"status-publish","5":"product_model-megaxbib-es-2","6":"product_brand-michelin-es","7":"product_cat-uncategorized","8":"pa_tire-size-620-70r38-es","10":"first","11":"instock","12":"shipping-taxable","13":"purchasable","14":"product-type-simple"},"acf":[],"_links":{"self":[{"href":"https:\/\/stmtires.com\/es\/wp-json\/wp\/v2\/product\/186461","targetHints":{"allow":["GET"]}}],"collection":[{"href":"https:\/\/stmtires.com\/es\/wp-json\/wp\/v2\/product"}],"about":[{"href":"https:\/\/stmtires.com\/es\/wp-json\/wp\/v2\/types\/product"}],"replies":[{"embeddable":true,"href":"https:\/\/stmtires.com\/es\/wp-json\/wp\/v2\/comments?post=186461"}],"wp:attachment":[{"href":"https:\/\/stmtires.com\/es\/wp-json\/wp\/v2\/media?parent=186461"}],"wp:term":[{"taxonomy":"product_model","embeddable":true,"href":"https:\/\/stmtires.com\/es\/wp-json\/wp\/v2\/product_model?post=186461"},{"taxonomy":"product_brand","embeddable":true,"href":"https:\/\/stmtires.com\/es\/wp-json\/wp\/v2\/product_brand?post=186461"},{"taxonomy":"product_cat","embeddable":true,"href":"https:\/\/stmtires.com\/es\/wp-json\/wp\/v2\/product_cat?post=186461"},{"taxonomy":"product_tag","embeddable":true,"href":"https:\/\/stmtires.com\/es\/wp-json\/wp\/v2\/product_tag?post=186461"}],"curies":[{"name":"wp","href":"https:\/\/api.w.org\/{rel}","templated":true}]}}