{"id":186598,"date":"2022-05-12T11:24:10","date_gmt":"2022-05-12T16:24:10","guid":{"rendered":"https:\/\/website.dev.stmtires.com\/shop\/sin categor\u00eda\/600-55-22-5-h-tl-instrumento-de-flotacion-i-3\/"},"modified":"2022-05-12T11:24:10","modified_gmt":"2022-05-12T16:24:10","slug":"600-55-22-5-h-tl-flotation-implement-i-3-2","status":"publish","type":"product","link":"https:\/\/stmtires.com\/es\/shop\/firestone-es\/600-55-22-5-h-tl-flotation-implement-i-3-2\/","title":{"rendered":"600\/55-22.5 H TL INSTRUMENTO DE FLOTACI\u00d3N \u2014 I-3"},"content":{"rendered":"<p>Neum\u00e1tico de implemento de sesgo agr\u00edcola I-3 dise\u00f1ado para neum\u00e1ticos de flotaci\u00f3n de prop\u00f3sito especial para ruedas de rodadura libre.<\/p>\n","protected":false},"excerpt":{"rendered":"<p>Neum\u00e1tico de implemento de sesgo agr\u00edcola I-3 dise\u00f1ado para neum\u00e1ticos de flotaci\u00f3n de prop\u00f3sito especial para ruedas de rodadura libre.<\/p>\n","protected":false},"featured_media":226303,"comment_status":"open","ping_status":"closed","template":"","meta":{"_acf_changed":false,"subheading":[]},"product_model":[25517],"product_brand":[15736],"product_cat":[26128,16260,26130,19355,19253],"product_tag":[],"class_list":{"0":"post-186598","1":"product","2":"type-product","3":"status-publish","4":"has-post-thumbnail","6":"product_model-flotation-implement-i-3-es","7":"product_brand-firestone-es","8":"product_cat-agricola","9":"product_cat-bias","10":"product_cat-instrumento","11":"product_cat-predisposicion","12":"product_cat-uncategorized","13":"pa_tire-size-600-55r22-5-es","15":"first","16":"instock","17":"shipping-taxable","18":"purchasable","19":"product-type-simple"},"acf":[],"_links":{"self":[{"href":"https:\/\/stmtires.com\/es\/wp-json\/wp\/v2\/product\/186598","targetHints":{"allow":["GET"]}}],"collection":[{"href":"https:\/\/stmtires.com\/es\/wp-json\/wp\/v2\/product"}],"about":[{"href":"https:\/\/stmtires.com\/es\/wp-json\/wp\/v2\/types\/product"}],"replies":[{"embeddable":true,"href":"https:\/\/stmtires.com\/es\/wp-json\/wp\/v2\/comments?post=186598"}],"wp:featuredmedia":[{"embeddable":true,"href":"https:\/\/stmtires.com\/es\/wp-json\/wp\/v2\/media\/226303"}],"wp:attachment":[{"href":"https:\/\/stmtires.com\/es\/wp-json\/wp\/v2\/media?parent=186598"}],"wp:term":[{"taxonomy":"product_model","embeddable":true,"href":"https:\/\/stmtires.com\/es\/wp-json\/wp\/v2\/product_model?post=186598"},{"taxonomy":"product_brand","embeddable":true,"href":"https:\/\/stmtires.com\/es\/wp-json\/wp\/v2\/product_brand?post=186598"},{"taxonomy":"product_cat","embeddable":true,"href":"https:\/\/stmtires.com\/es\/wp-json\/wp\/v2\/product_cat?post=186598"},{"taxonomy":"product_tag","embeddable":true,"href":"https:\/\/stmtires.com\/es\/wp-json\/wp\/v2\/product_tag?post=186598"}],"curies":[{"name":"wp","href":"https:\/\/api.w.org\/{rel}","templated":true}]}}