{"id":186892,"date":"2022-05-12T11:50:31","date_gmt":"2022-05-12T16:50:31","guid":{"rendered":"https:\/\/website.dev.stmtires.com\/shop\/sin categor\u00eda\/6-00-16-c-tl-regency-ag-frontal-3-rib-f-2\/"},"modified":"2022-05-12T11:50:31","modified_gmt":"2022-05-12T16:50:31","slug":"6-00-16-c-tl-regency-ag-front-3-rib-f-2-2","status":"publish","type":"product","link":"https:\/\/stmtires.com\/es\/shop\/firestone-es\/6-00-16-c-tl-regency-ag-front-3-rib-f-2-2\/","title":{"rendered":"6.00-16 C TL REGENCY AG FRONTAL 3 RIB F-2"},"content":{"rendered":"<p>Neum\u00e1tico de tractor delantero Agr\u00edcola Tri Rib F-2 para trabajo agr\u00edcola general &#8211; Agarre.<\/p>\n","protected":false},"excerpt":{"rendered":"<p>Neum\u00e1tico de tractor delantero Agr\u00edcola Tri Rib F-2 para trabajo agr\u00edcola general &#8211; Agarre.<\/p>\n","protected":false},"featured_media":226157,"comment_status":"open","ping_status":"closed","template":"","meta":{"_acf_changed":false,"subheading":[]},"product_model":[22512],"product_brand":[15736],"product_cat":[26128,19324,26135,26129,26134,19253],"product_tag":[],"class_list":{"0":"post-186892","1":"product","2":"type-product","3":"status-publish","4":"has-post-thumbnail","6":"product_model-regency-ag-front-3-rib-f-2-es-2","7":"product_brand-firestone-es","8":"product_cat-agricola","9":"product_cat-costilla","10":"product_cat-granja","11":"product_cat-tractor-es","12":"product_cat-tractor-delantero","13":"product_cat-uncategorized","14":"pa_tire-size-6r16-es","16":"first","17":"instock","18":"shipping-taxable","19":"purchasable","20":"product-type-simple"},"acf":[],"_links":{"self":[{"href":"https:\/\/stmtires.com\/es\/wp-json\/wp\/v2\/product\/186892","targetHints":{"allow":["GET"]}}],"collection":[{"href":"https:\/\/stmtires.com\/es\/wp-json\/wp\/v2\/product"}],"about":[{"href":"https:\/\/stmtires.com\/es\/wp-json\/wp\/v2\/types\/product"}],"replies":[{"embeddable":true,"href":"https:\/\/stmtires.com\/es\/wp-json\/wp\/v2\/comments?post=186892"}],"wp:featuredmedia":[{"embeddable":true,"href":"https:\/\/stmtires.com\/es\/wp-json\/wp\/v2\/media\/226157"}],"wp:attachment":[{"href":"https:\/\/stmtires.com\/es\/wp-json\/wp\/v2\/media?parent=186892"}],"wp:term":[{"taxonomy":"product_model","embeddable":true,"href":"https:\/\/stmtires.com\/es\/wp-json\/wp\/v2\/product_model?post=186892"},{"taxonomy":"product_brand","embeddable":true,"href":"https:\/\/stmtires.com\/es\/wp-json\/wp\/v2\/product_brand?post=186892"},{"taxonomy":"product_cat","embeddable":true,"href":"https:\/\/stmtires.com\/es\/wp-json\/wp\/v2\/product_cat?post=186892"},{"taxonomy":"product_tag","embeddable":true,"href":"https:\/\/stmtires.com\/es\/wp-json\/wp\/v2\/product_tag?post=186892"}],"curies":[{"name":"wp","href":"https:\/\/api.w.org\/{rel}","templated":true}]}}