{"id":186920,"date":"2022-05-12T16:09:53","date_gmt":"2022-05-12T21:09:53","guid":{"rendered":"https:\/\/website.dev.stmtires.com\/shop\/sin categor\u00eda\/6-14-b-tt-servicio-agricola-diamante\/"},"modified":"2022-05-12T16:09:53","modified_gmt":"2022-05-12T21:09:53","slug":"6-14-b-tt-farm-service-diamond-2","status":"publish","type":"product","link":"https:\/\/stmtires.com\/es\/shop\/bridgestone-es\/6-14-b-tt-farm-service-diamond-2\/","title":{"rendered":"6-14 B TT SERVICIO AGR\u00cdCOLA DIAMANTE"},"content":{"rendered":"<p>Neum\u00e1tico de flotaci\u00f3n de tractor trasero R-3 de Agricultural Farm Service para carros y cortadoras de c\u00e9sped en arena o c\u00e9sped.<\/p>\n","protected":false},"excerpt":{"rendered":"<p>Neum\u00e1tico de flotaci\u00f3n de tractor trasero R-3 de Agricultural Farm Service para carros y cortadoras de c\u00e9sped en arena o c\u00e9sped.<\/p>\n","protected":false},"featured_media":0,"comment_status":"open","ping_status":"closed","template":"","meta":{"_acf_changed":false,"subheading":[]},"product_model":[22997],"product_brand":[],"product_cat":[26128,26135,26129,19253],"product_tag":[],"class_list":{"0":"post-186920","1":"product","2":"type-product","3":"status-publish","5":"product_model-farm-service-diamond-es","6":"product_cat-agricola","7":"product_cat-granja","8":"product_cat-tractor-es","9":"product_cat-uncategorized","10":"pa_tire-size-6r14-es","12":"first","13":"instock","14":"shipping-taxable","15":"purchasable","16":"product-type-simple"},"acf":[],"_links":{"self":[{"href":"https:\/\/stmtires.com\/es\/wp-json\/wp\/v2\/product\/186920","targetHints":{"allow":["GET"]}}],"collection":[{"href":"https:\/\/stmtires.com\/es\/wp-json\/wp\/v2\/product"}],"about":[{"href":"https:\/\/stmtires.com\/es\/wp-json\/wp\/v2\/types\/product"}],"replies":[{"embeddable":true,"href":"https:\/\/stmtires.com\/es\/wp-json\/wp\/v2\/comments?post=186920"}],"wp:attachment":[{"href":"https:\/\/stmtires.com\/es\/wp-json\/wp\/v2\/media?parent=186920"}],"wp:term":[{"taxonomy":"product_model","embeddable":true,"href":"https:\/\/stmtires.com\/es\/wp-json\/wp\/v2\/product_model?post=186920"},{"taxonomy":"product_brand","embeddable":true,"href":"https:\/\/stmtires.com\/es\/wp-json\/wp\/v2\/product_brand?post=186920"},{"taxonomy":"product_cat","embeddable":true,"href":"https:\/\/stmtires.com\/es\/wp-json\/wp\/v2\/product_cat?post=186920"},{"taxonomy":"product_tag","embeddable":true,"href":"https:\/\/stmtires.com\/es\/wp-json\/wp\/v2\/product_tag?post=186920"}],"curies":[{"name":"wp","href":"https:\/\/api.w.org\/{rel}","templated":true}]}}