{"id":187171,"date":"2022-05-12T10:15:43","date_gmt":"2022-05-12T15:15:43","guid":{"rendered":"https:\/\/website.dev.stmtires.com\/shop\/sin categor\u00eda\/195-60r15-afinidad\/"},"modified":"2022-05-12T10:15:43","modified_gmt":"2022-05-12T15:15:43","slug":"195-60r15-afinidad","status":"publish","type":"product","link":"https:\/\/stmtires.com\/es\/shop\/firestone-es\/195-60r15-afinidad\/","title":{"rendered":"195\/60R15 AFINIDAD"},"content":{"rendered":"<p>Neum\u00e1tico de equipo original (OE) en veh\u00edculos seleccionados. Consulte Tama\u00f1os y especificaciones para accesorios de equipos originales.  <\/p>\n","protected":false},"excerpt":{"rendered":"<p>Neum\u00e1tico de equipo original (OE) en veh\u00edculos seleccionados. Consulte Tama\u00f1os y especificaciones para accesorios de equipos originales.<\/p>\n","protected":false},"featured_media":106677,"comment_status":"open","ping_status":"closed","template":"","meta":{"_acf_changed":false,"subheading":[]},"product_model":[25392],"product_brand":[15736],"product_cat":[19242],"product_tag":[],"class_list":{"0":"post-187171","1":"product","2":"type-product","3":"status-publish","4":"has-post-thumbnail","6":"product_model-affinity-affinity-hp-es","7":"product_brand-firestone-es","8":"product_cat-equipo-original-oe","9":"pa_tire-size-195-60r15-es","11":"first","12":"instock","13":"shipping-taxable","14":"purchasable","15":"product-type-simple"},"acf":[],"_links":{"self":[{"href":"https:\/\/stmtires.com\/es\/wp-json\/wp\/v2\/product\/187171","targetHints":{"allow":["GET"]}}],"collection":[{"href":"https:\/\/stmtires.com\/es\/wp-json\/wp\/v2\/product"}],"about":[{"href":"https:\/\/stmtires.com\/es\/wp-json\/wp\/v2\/types\/product"}],"replies":[{"embeddable":true,"href":"https:\/\/stmtires.com\/es\/wp-json\/wp\/v2\/comments?post=187171"}],"wp:featuredmedia":[{"embeddable":true,"href":"https:\/\/stmtires.com\/es\/wp-json\/wp\/v2\/media\/106677"}],"wp:attachment":[{"href":"https:\/\/stmtires.com\/es\/wp-json\/wp\/v2\/media?parent=187171"}],"wp:term":[{"taxonomy":"product_model","embeddable":true,"href":"https:\/\/stmtires.com\/es\/wp-json\/wp\/v2\/product_model?post=187171"},{"taxonomy":"product_brand","embeddable":true,"href":"https:\/\/stmtires.com\/es\/wp-json\/wp\/v2\/product_brand?post=187171"},{"taxonomy":"product_cat","embeddable":true,"href":"https:\/\/stmtires.com\/es\/wp-json\/wp\/v2\/product_cat?post=187171"},{"taxonomy":"product_tag","embeddable":true,"href":"https:\/\/stmtires.com\/es\/wp-json\/wp\/v2\/product_tag?post=187171"}],"curies":[{"name":"wp","href":"https:\/\/api.w.org\/{rel}","templated":true}]}}