{"id":187432,"date":"2022-05-12T16:03:58","date_gmt":"2022-05-12T21:03:58","guid":{"rendered":"https:\/\/website.dev.stmtires.com\/shop\/sin categor\u00eda\/525-80r25-2-tl-vhs-e-2\/"},"modified":"2022-05-12T16:03:58","modified_gmt":"2022-05-12T21:03:58","slug":"525-80r25-2-tl-vhs-e-2-2","status":"publish","type":"product","link":"https:\/\/stmtires.com\/es\/shop\/bridgestone-es\/525-80r25-2-tl-vhs-e-2-2\/","title":{"rendered":"525\/80R25 2* TL VHS E-2"},"content":{"rendered":"<p>Neum\u00e1tico de tracci\u00f3n radial OTR Earthmover E-2 dise\u00f1ado espec\u00edficamente para gr\u00faas m\u00f3viles y aplicaciones de servicio de alta velocidad.<\/p>\n","protected":false},"excerpt":{"rendered":"<p>Neum\u00e1tico de tracci\u00f3n radial OTR Earthmover E-2 dise\u00f1ado espec\u00edficamente para gr\u00faas m\u00f3viles y aplicaciones de servicio de alta velocidad.<\/p>\n","protected":false},"featured_media":0,"comment_status":"open","ping_status":"closed","template":"","meta":{"_acf_changed":false,"subheading":[]},"product_model":[22904],"product_brand":[],"product_cat":[16265,19289,19253],"product_tag":[],"class_list":{"0":"post-187432","1":"product","2":"type-product","3":"status-publish","5":"product_model-vhs-v-steel-high-speed-service-es","6":"product_cat-radial","7":"product_cat-radial-es","8":"product_cat-uncategorized","9":"pa_tire-size-525-80r25-es","11":"first","12":"instock","13":"shipping-taxable","14":"purchasable","15":"product-type-simple"},"acf":[],"_links":{"self":[{"href":"https:\/\/stmtires.com\/es\/wp-json\/wp\/v2\/product\/187432","targetHints":{"allow":["GET"]}}],"collection":[{"href":"https:\/\/stmtires.com\/es\/wp-json\/wp\/v2\/product"}],"about":[{"href":"https:\/\/stmtires.com\/es\/wp-json\/wp\/v2\/types\/product"}],"replies":[{"embeddable":true,"href":"https:\/\/stmtires.com\/es\/wp-json\/wp\/v2\/comments?post=187432"}],"wp:attachment":[{"href":"https:\/\/stmtires.com\/es\/wp-json\/wp\/v2\/media?parent=187432"}],"wp:term":[{"taxonomy":"product_model","embeddable":true,"href":"https:\/\/stmtires.com\/es\/wp-json\/wp\/v2\/product_model?post=187432"},{"taxonomy":"product_brand","embeddable":true,"href":"https:\/\/stmtires.com\/es\/wp-json\/wp\/v2\/product_brand?post=187432"},{"taxonomy":"product_cat","embeddable":true,"href":"https:\/\/stmtires.com\/es\/wp-json\/wp\/v2\/product_cat?post=187432"},{"taxonomy":"product_tag","embeddable":true,"href":"https:\/\/stmtires.com\/es\/wp-json\/wp\/v2\/product_tag?post=187432"}],"curies":[{"name":"wp","href":"https:\/\/api.w.org\/{rel}","templated":true}]}}