{"id":187436,"date":"2022-05-12T11:43:43","date_gmt":"2022-05-12T16:43:43","guid":{"rendered":"https:\/\/website.dev.stmtires.com\/shop\/sin categor\u00eda\/525-80r25-20-5r25-tl-xgc-e-2\/"},"modified":"2022-05-12T11:43:43","modified_gmt":"2022-05-12T16:43:43","slug":"525-80r25-20-5r25-tl-xgc-e-2-2","status":"publish","type":"product","link":"https:\/\/stmtires.com\/es\/shop\/michelin-es\/525-80r25-20-5r25-tl-xgc-e-2-2\/","title":{"rendered":"525\/80R25 (20.5R25) TL XGC E-2"},"content":{"rendered":"<p>Neum\u00e1tico radial de movimiento de tierra de alta velocidad no direccional adecuado para gr\u00faas m\u00f3viles y m\u00e1quinas especiales en uso dentro y fuera de la carretera.<\/p>\n","protected":false},"excerpt":{"rendered":"<p>Neum\u00e1tico radial de movimiento de tierra de alta velocidad no direccional adecuado para gr\u00faas m\u00f3viles y m\u00e1quinas especiales en uso dentro y fuera de la carretera.<\/p>\n","protected":false},"featured_media":226577,"comment_status":"open","ping_status":"closed","template":"","meta":{"_acf_changed":false,"subheading":[]},"product_model":[25593],"product_brand":[15734],"product_cat":[19309,19253],"product_tag":[],"class_list":{"0":"post-187436","1":"product","2":"type-product","3":"status-publish","4":"has-post-thumbnail","6":"product_model-xgc-es","7":"product_brand-michelin-es","8":"product_cat-otr-construccion","9":"product_cat-uncategorized","10":"pa_tire-size-525-80r25-es","12":"first","13":"instock","14":"shipping-taxable","15":"purchasable","16":"product-type-simple"},"acf":[],"_links":{"self":[{"href":"https:\/\/stmtires.com\/es\/wp-json\/wp\/v2\/product\/187436","targetHints":{"allow":["GET"]}}],"collection":[{"href":"https:\/\/stmtires.com\/es\/wp-json\/wp\/v2\/product"}],"about":[{"href":"https:\/\/stmtires.com\/es\/wp-json\/wp\/v2\/types\/product"}],"replies":[{"embeddable":true,"href":"https:\/\/stmtires.com\/es\/wp-json\/wp\/v2\/comments?post=187436"}],"wp:featuredmedia":[{"embeddable":true,"href":"https:\/\/stmtires.com\/es\/wp-json\/wp\/v2\/media\/226577"}],"wp:attachment":[{"href":"https:\/\/stmtires.com\/es\/wp-json\/wp\/v2\/media?parent=187436"}],"wp:term":[{"taxonomy":"product_model","embeddable":true,"href":"https:\/\/stmtires.com\/es\/wp-json\/wp\/v2\/product_model?post=187436"},{"taxonomy":"product_brand","embeddable":true,"href":"https:\/\/stmtires.com\/es\/wp-json\/wp\/v2\/product_brand?post=187436"},{"taxonomy":"product_cat","embeddable":true,"href":"https:\/\/stmtires.com\/es\/wp-json\/wp\/v2\/product_cat?post=187436"},{"taxonomy":"product_tag","embeddable":true,"href":"https:\/\/stmtires.com\/es\/wp-json\/wp\/v2\/product_tag?post=187436"}],"curies":[{"name":"wp","href":"https:\/\/api.w.org\/{rel}","templated":true}]}}