{"id":187618,"date":"2022-05-12T10:39:40","date_gmt":"2022-05-12T15:39:40","guid":{"rendered":"https:\/\/website.dev.stmtires.com\/shop\/sin categor\u00eda\/500-70r24-19-5lr24-ind-tl-xmcl\/"},"modified":"2022-05-12T10:39:40","modified_gmt":"2022-05-12T15:39:40","slug":"500-70r24-19-5lr24-ind-tl-xmcl-2","status":"publish","type":"product","link":"https:\/\/stmtires.com\/es\/shop\/michelin-es\/500-70r24-19-5lr24-ind-tl-xmcl-2\/","title":{"rendered":"500\/70R24 (19.5LR24) IND TL XMCL"},"content":{"rendered":"<p>Neum\u00e1tico agr\u00edcola R-4 dise\u00f1ado para su uso en una variedad de aplicaciones industriales y de construcci\u00f3n. Neum\u00e1tico de accionamiento vers\u00e1til para equipos de l\u00ednea compactos que incluyen retroexcavadoras, manipuladores telesc\u00f3picos y aplicaciones de tractores utilitarios.  <\/p>\n","protected":false},"excerpt":{"rendered":"<p>Neum\u00e1tico agr\u00edcola R-4 dise\u00f1ado para su uso en una variedad de aplicaciones industriales y de construcci\u00f3n. Neum\u00e1tico de accionamiento vers\u00e1til para equipos de l\u00ednea compactos que incluyen retroexcavadoras, manipuladores telesc\u00f3picos y aplicaciones de tractores utilitarios.<\/p>\n","protected":false},"featured_media":0,"comment_status":"open","ping_status":"closed","template":"","meta":{"_acf_changed":false,"subheading":[]},"product_model":[25338],"product_brand":[15734],"product_cat":[19295,19309,19253],"product_tag":[],"class_list":{"0":"post-187618","1":"product","2":"type-product","3":"status-publish","5":"product_model-xmcl-es","6":"product_brand-michelin-es","7":"product_cat-industrial-es","8":"product_cat-otr-construccion","9":"product_cat-uncategorized","10":"pa_tire-size-500-70r24-es","12":"first","13":"instock","14":"shipping-taxable","15":"purchasable","16":"product-type-simple"},"acf":[],"_links":{"self":[{"href":"https:\/\/stmtires.com\/es\/wp-json\/wp\/v2\/product\/187618","targetHints":{"allow":["GET"]}}],"collection":[{"href":"https:\/\/stmtires.com\/es\/wp-json\/wp\/v2\/product"}],"about":[{"href":"https:\/\/stmtires.com\/es\/wp-json\/wp\/v2\/types\/product"}],"replies":[{"embeddable":true,"href":"https:\/\/stmtires.com\/es\/wp-json\/wp\/v2\/comments?post=187618"}],"wp:attachment":[{"href":"https:\/\/stmtires.com\/es\/wp-json\/wp\/v2\/media?parent=187618"}],"wp:term":[{"taxonomy":"product_model","embeddable":true,"href":"https:\/\/stmtires.com\/es\/wp-json\/wp\/v2\/product_model?post=187618"},{"taxonomy":"product_brand","embeddable":true,"href":"https:\/\/stmtires.com\/es\/wp-json\/wp\/v2\/product_brand?post=187618"},{"taxonomy":"product_cat","embeddable":true,"href":"https:\/\/stmtires.com\/es\/wp-json\/wp\/v2\/product_cat?post=187618"},{"taxonomy":"product_tag","embeddable":true,"href":"https:\/\/stmtires.com\/es\/wp-json\/wp\/v2\/product_tag?post=187618"}],"curies":[{"name":"wp","href":"https:\/\/api.w.org\/{rel}","templated":true}]}}