{"id":187728,"date":"2022-05-12T11:28:46","date_gmt":"2022-05-12T16:28:46","guid":{"rendered":"https:\/\/website.dev.stmtires.com\/shop\/sin categor\u00eda\/5-00-15-b-tl-implemento-de-alimentacion-i-3-a\/"},"modified":"2022-05-12T11:28:46","modified_gmt":"2022-05-12T16:28:46","slug":"5-00-15-b-tl-power-implement-i-3-a-2","status":"publish","type":"product","link":"https:\/\/stmtires.com\/es\/shop\/firestone-es\/5-00-15-b-tl-power-implement-i-3-a-2\/","title":{"rendered":"5.00-15 B TL IMPLEMENTO DE ALIMENTACI\u00d3N I-3 (A)"},"content":{"rendered":"<p>Neum\u00e1tico de implemento de sesgo I-3 agr\u00edcola dise\u00f1ado para ruedas de tracci\u00f3n en m\u00e1quinas autopropulsadas como cargadoras frontales. Disponible con banda de rodadura direccional o no direccional para equipos accionados por tierra.<\/p>\n","protected":false},"excerpt":{"rendered":"<p>Neum\u00e1tico de implemento de sesgo I-3 agr\u00edcola dise\u00f1ado para ruedas de tracci\u00f3n en m\u00e1quinas autopropulsadas como cargadoras frontales. Disponible con banda de rodadura direccional o no direccional para equipos accionados por tierra.<\/p>\n","protected":false},"featured_media":0,"comment_status":"open","ping_status":"closed","template":"","meta":{"_acf_changed":false,"subheading":[]},"product_model":[25519],"product_brand":[15736],"product_cat":[26128,19288,19322,26130,19355,19253],"product_tag":[],"class_list":{"0":"post-187728","1":"product","2":"type-product","3":"status-publish","5":"product_model-power-implement-i-3-es-2","6":"product_brand-firestone-es","7":"product_cat-agricola","8":"product_cat-conducir","9":"product_cat-direccional","10":"product_cat-instrumento","11":"product_cat-predisposicion","12":"product_cat-uncategorized","13":"pa_tire-size-5r15-es","15":"first","16":"instock","17":"shipping-taxable","18":"purchasable","19":"product-type-simple"},"acf":[],"_links":{"self":[{"href":"https:\/\/stmtires.com\/es\/wp-json\/wp\/v2\/product\/187728","targetHints":{"allow":["GET"]}}],"collection":[{"href":"https:\/\/stmtires.com\/es\/wp-json\/wp\/v2\/product"}],"about":[{"href":"https:\/\/stmtires.com\/es\/wp-json\/wp\/v2\/types\/product"}],"replies":[{"embeddable":true,"href":"https:\/\/stmtires.com\/es\/wp-json\/wp\/v2\/comments?post=187728"}],"wp:attachment":[{"href":"https:\/\/stmtires.com\/es\/wp-json\/wp\/v2\/media?parent=187728"}],"wp:term":[{"taxonomy":"product_model","embeddable":true,"href":"https:\/\/stmtires.com\/es\/wp-json\/wp\/v2\/product_model?post=187728"},{"taxonomy":"product_brand","embeddable":true,"href":"https:\/\/stmtires.com\/es\/wp-json\/wp\/v2\/product_brand?post=187728"},{"taxonomy":"product_cat","embeddable":true,"href":"https:\/\/stmtires.com\/es\/wp-json\/wp\/v2\/product_cat?post=187728"},{"taxonomy":"product_tag","embeddable":true,"href":"https:\/\/stmtires.com\/es\/wp-json\/wp\/v2\/product_tag?post=187728"}],"curies":[{"name":"wp","href":"https:\/\/api.w.org\/{rel}","templated":true}]}}