{"id":187771,"date":"2022-05-12T11:28:51","date_gmt":"2022-05-12T16:28:51","guid":{"rendered":"https:\/\/website.dev.stmtires.com\/shop\/sin categor\u00eda\/48x25-0-20-f-tl-flotacion-free-rolling-hf-2\/"},"modified":"2022-05-12T11:28:51","modified_gmt":"2022-05-12T16:28:51","slug":"48x25-0-20-f-tl-flotacion-libre-rodadura-hf-2","status":"publish","type":"product","link":"https:\/\/stmtires.com\/es\/shop\/firestone-es\/48x25-0-20-f-tl-flotacion-libre-rodadura-hf-2\/","title":{"rendered":"48X25.0-20 F TL FLOTACI\u00d3N FREE ROLLING HF-2"},"content":{"rendered":"<p>Sesgo agr\u00edcola HF-2 Neum\u00e1tico de alta flotaci\u00f3n de arrastre regular para trabajos agr\u00edcolas generales. Dise\u00f1ado para un desgaste suave en las posiciones delanteras de los camiones de fertilizantes y ruedas de rodadura libre en tractores y vagones.<\/p>\n","protected":false},"excerpt":{"rendered":"<p>Sesgo agr\u00edcola HF-2 Neum\u00e1tico de alta flotaci\u00f3n de arrastre regular para trabajos agr\u00edcolas generales. Dise\u00f1ado para un desgaste suave en las posiciones delanteras de los camiones de fertilizantes y ruedas de rodadura libre en tractores y vagones.<\/p>\n","protected":false},"featured_media":0,"comment_status":"open","ping_status":"closed","template":"","meta":{"_acf_changed":false,"subheading":[]},"product_model":[25521],"product_brand":[15736],"product_cat":[26128,26135,19306,19355,19298,26129,19253],"product_tag":[],"class_list":{"0":"post-187771","1":"product","2":"type-product","3":"status-publish","5":"product_model-flotation-free-rolling-hf-2-es","6":"product_brand-firestone-es","7":"product_cat-agricola","8":"product_cat-granja","9":"product_cat-orejeta","10":"product_cat-predisposicion","11":"product_cat-suave","12":"product_cat-tractor-es","13":"product_cat-uncategorized","14":"pa_tire-size-48x25r20-es","16":"first","17":"instock","18":"shipping-taxable","19":"purchasable","20":"product-type-simple"},"acf":[],"_links":{"self":[{"href":"https:\/\/stmtires.com\/es\/wp-json\/wp\/v2\/product\/187771","targetHints":{"allow":["GET"]}}],"collection":[{"href":"https:\/\/stmtires.com\/es\/wp-json\/wp\/v2\/product"}],"about":[{"href":"https:\/\/stmtires.com\/es\/wp-json\/wp\/v2\/types\/product"}],"replies":[{"embeddable":true,"href":"https:\/\/stmtires.com\/es\/wp-json\/wp\/v2\/comments?post=187771"}],"wp:attachment":[{"href":"https:\/\/stmtires.com\/es\/wp-json\/wp\/v2\/media?parent=187771"}],"wp:term":[{"taxonomy":"product_model","embeddable":true,"href":"https:\/\/stmtires.com\/es\/wp-json\/wp\/v2\/product_model?post=187771"},{"taxonomy":"product_brand","embeddable":true,"href":"https:\/\/stmtires.com\/es\/wp-json\/wp\/v2\/product_brand?post=187771"},{"taxonomy":"product_cat","embeddable":true,"href":"https:\/\/stmtires.com\/es\/wp-json\/wp\/v2\/product_cat?post=187771"},{"taxonomy":"product_tag","embeddable":true,"href":"https:\/\/stmtires.com\/es\/wp-json\/wp\/v2\/product_tag?post=187771"}],"curies":[{"name":"wp","href":"https:\/\/api.w.org\/{rel}","templated":true}]}}