{"id":187785,"date":"2022-05-12T11:40:14","date_gmt":"2022-05-12T16:40:14","guid":{"rendered":"https:\/\/website.dev.stmtires.com\/shop\/sin categor\u00eda\/5-00-15-b-tt-guia-grip-3-rib-f-2\/"},"modified":"2022-05-12T11:40:14","modified_gmt":"2022-05-12T16:40:14","slug":"5-00-15-b-tt-guia-agarre-3-costilla-f-2","status":"publish","type":"product","link":"https:\/\/stmtires.com\/es\/shop\/firestone-es\/5-00-15-b-tt-guia-agarre-3-costilla-f-2\/","title":{"rendered":"5.00-15 B TT GU\u00cdA GRIP 3-RIB F-2"},"content":{"rendered":"<p>Agricultural Bias F-2 Tri Rib All Purpose Front Tractor neum\u00e1tico adecuado para el trabajo agr\u00edcola general &#8211; Agarre.<\/p>\n","protected":false},"excerpt":{"rendered":"<p>Agricultural Bias F-2 Tri Rib All Purpose Front Tractor neum\u00e1tico adecuado para el trabajo agr\u00edcola general &#8211; Agarre.<\/p>\n","protected":false},"featured_media":0,"comment_status":"open","ping_status":"closed","template":"","meta":{"_acf_changed":false,"subheading":[]},"product_model":[25511],"product_brand":[15736],"product_cat":[26128,19324,26135,19355,16312,26129,26134,19253],"product_tag":[],"class_list":{"0":"post-187785","1":"product","2":"type-product","3":"status-publish","5":"product_model-guide-grip-3-rib-f-2-es","6":"product_brand-firestone-es","7":"product_cat-agricola","8":"product_cat-costilla","9":"product_cat-granja","10":"product_cat-predisposicion","11":"product_cat-rib","12":"product_cat-tractor-es","13":"product_cat-tractor-delantero","14":"product_cat-uncategorized","15":"pa_tire-size-5r15-es","17":"first","18":"instock","19":"shipping-taxable","20":"purchasable","21":"product-type-simple"},"acf":[],"_links":{"self":[{"href":"https:\/\/stmtires.com\/es\/wp-json\/wp\/v2\/product\/187785","targetHints":{"allow":["GET"]}}],"collection":[{"href":"https:\/\/stmtires.com\/es\/wp-json\/wp\/v2\/product"}],"about":[{"href":"https:\/\/stmtires.com\/es\/wp-json\/wp\/v2\/types\/product"}],"replies":[{"embeddable":true,"href":"https:\/\/stmtires.com\/es\/wp-json\/wp\/v2\/comments?post=187785"}],"wp:attachment":[{"href":"https:\/\/stmtires.com\/es\/wp-json\/wp\/v2\/media?parent=187785"}],"wp:term":[{"taxonomy":"product_model","embeddable":true,"href":"https:\/\/stmtires.com\/es\/wp-json\/wp\/v2\/product_model?post=187785"},{"taxonomy":"product_brand","embeddable":true,"href":"https:\/\/stmtires.com\/es\/wp-json\/wp\/v2\/product_brand?post=187785"},{"taxonomy":"product_cat","embeddable":true,"href":"https:\/\/stmtires.com\/es\/wp-json\/wp\/v2\/product_cat?post=187785"},{"taxonomy":"product_tag","embeddable":true,"href":"https:\/\/stmtires.com\/es\/wp-json\/wp\/v2\/product_tag?post=187785"}],"curies":[{"name":"wp","href":"https:\/\/api.w.org\/{rel}","templated":true}]}}