{"id":187801,"date":"2022-05-12T11:23:49","date_gmt":"2022-05-12T16:23:49","guid":{"rendered":"https:\/\/website.dev.stmtires.com\/shop\/sin categor\u00eda\/5-50-16-b-tt-champion-guide-grip-single-rib-f-1\/"},"modified":"2022-05-12T11:23:49","modified_gmt":"2022-05-12T16:23:49","slug":"5-50-16-b-tt-champion-guide-grip-single-rib-f-1-2","status":"publish","type":"product","link":"https:\/\/stmtires.com\/es\/shop\/firestone-es\/5-50-16-b-tt-champion-guide-grip-single-rib-f-1-2\/","title":{"rendered":"5.50-16 B TT CHAMPION GUIDE GRIP SINGLE RIB \u2014 F-1"},"content":{"rendered":"<p>Neum\u00e1tico de sesgo de costilla \u00fanica para tractor delantero F-1 agr\u00edcola especialmente dise\u00f1ado para condiciones de barro profundo en campos de ca\u00f1a y arroz.<\/p>\n","protected":false},"excerpt":{"rendered":"<p>Neum\u00e1tico de sesgo de costilla \u00fanica para tractor delantero F-1 agr\u00edcola especialmente dise\u00f1ado para condiciones de barro profundo en campos de ca\u00f1a y arroz.<\/p>\n","protected":false},"featured_media":0,"comment_status":"open","ping_status":"closed","template":"","meta":{"_acf_changed":false,"subheading":[]},"product_model":[22436],"product_brand":[15736],"product_cat":[26128,19324,19355,16312,26129,26134,19253],"product_tag":[],"class_list":{"0":"post-187801","1":"product","2":"type-product","3":"status-publish","5":"product_model-champion-guide-grip-single-rib-f-1-es-2","6":"product_brand-firestone-es","7":"product_cat-agricola","8":"product_cat-costilla","9":"product_cat-predisposicion","10":"product_cat-rib","11":"product_cat-tractor-es","12":"product_cat-tractor-delantero","13":"product_cat-uncategorized","14":"pa_tire-size-5-5r16-es","16":"first","17":"instock","18":"shipping-taxable","19":"purchasable","20":"product-type-simple"},"acf":[],"_links":{"self":[{"href":"https:\/\/stmtires.com\/es\/wp-json\/wp\/v2\/product\/187801","targetHints":{"allow":["GET"]}}],"collection":[{"href":"https:\/\/stmtires.com\/es\/wp-json\/wp\/v2\/product"}],"about":[{"href":"https:\/\/stmtires.com\/es\/wp-json\/wp\/v2\/types\/product"}],"replies":[{"embeddable":true,"href":"https:\/\/stmtires.com\/es\/wp-json\/wp\/v2\/comments?post=187801"}],"wp:attachment":[{"href":"https:\/\/stmtires.com\/es\/wp-json\/wp\/v2\/media?parent=187801"}],"wp:term":[{"taxonomy":"product_model","embeddable":true,"href":"https:\/\/stmtires.com\/es\/wp-json\/wp\/v2\/product_model?post=187801"},{"taxonomy":"product_brand","embeddable":true,"href":"https:\/\/stmtires.com\/es\/wp-json\/wp\/v2\/product_brand?post=187801"},{"taxonomy":"product_cat","embeddable":true,"href":"https:\/\/stmtires.com\/es\/wp-json\/wp\/v2\/product_cat?post=187801"},{"taxonomy":"product_tag","embeddable":true,"href":"https:\/\/stmtires.com\/es\/wp-json\/wp\/v2\/product_tag?post=187801"}],"curies":[{"name":"wp","href":"https:\/\/api.w.org\/{rel}","templated":true}]}}