{"id":187958,"date":"2022-05-12T11:24:26","date_gmt":"2022-05-12T16:24:26","guid":{"rendered":"https:\/\/website.dev.stmtires.com\/shop\/sin categor\u00eda\/48x25-00-20-e-tl-flotacion-23-costilla-central-hf-2\/"},"modified":"2022-05-12T11:24:26","modified_gmt":"2022-05-12T16:24:26","slug":"48x25-00-20-e-tl-flotacion-23-centro-costilla-hf-2","status":"publish","type":"product","link":"https:\/\/stmtires.com\/es\/shop\/firestone-es\/48x25-00-20-e-tl-flotacion-23-centro-costilla-hf-2\/","title":{"rendered":"48X25.00-20 E TL FLOTACI\u00d3N 23\u00b0 (COSTILLA CENTRAL) HF-2"},"content":{"rendered":"<p>Neum\u00e1tico agr\u00edcola de alta flotaci\u00f3n HF-2 Bias dise\u00f1ado para su uso en la direcci\u00f3n de fertilizantes y ejes de transmisi\u00f3n.<\/p>\n","protected":false},"excerpt":{"rendered":"<p>Neum\u00e1tico agr\u00edcola de alta flotaci\u00f3n HF-2 Bias dise\u00f1ado para su uso en la direcci\u00f3n de fertilizantes y ejes de transmisi\u00f3n.<\/p>\n","protected":false},"featured_media":0,"comment_status":"open","ping_status":"closed","template":"","meta":{"_acf_changed":false,"subheading":[]},"product_model":[25523],"product_brand":[15736],"product_cat":[26128,19288,19321,19306,19355,16319,19298,19253],"product_tag":[],"class_list":{"0":"post-187958","1":"product","2":"type-product","3":"status-publish","5":"product_model-flotation-23-center-rib-hf-2-es-2","6":"product_brand-firestone-es","7":"product_cat-agricola","8":"product_cat-conducir","9":"product_cat-conducir-es","10":"product_cat-orejeta","11":"product_cat-predisposicion","12":"product_cat-smooth","13":"product_cat-suave","14":"product_cat-uncategorized","15":"pa_tire-size-48x25r20-es","17":"first","18":"instock","19":"shipping-taxable","20":"purchasable","21":"product-type-simple"},"acf":[],"_links":{"self":[{"href":"https:\/\/stmtires.com\/es\/wp-json\/wp\/v2\/product\/187958","targetHints":{"allow":["GET"]}}],"collection":[{"href":"https:\/\/stmtires.com\/es\/wp-json\/wp\/v2\/product"}],"about":[{"href":"https:\/\/stmtires.com\/es\/wp-json\/wp\/v2\/types\/product"}],"replies":[{"embeddable":true,"href":"https:\/\/stmtires.com\/es\/wp-json\/wp\/v2\/comments?post=187958"}],"wp:attachment":[{"href":"https:\/\/stmtires.com\/es\/wp-json\/wp\/v2\/media?parent=187958"}],"wp:term":[{"taxonomy":"product_model","embeddable":true,"href":"https:\/\/stmtires.com\/es\/wp-json\/wp\/v2\/product_model?post=187958"},{"taxonomy":"product_brand","embeddable":true,"href":"https:\/\/stmtires.com\/es\/wp-json\/wp\/v2\/product_brand?post=187958"},{"taxonomy":"product_cat","embeddable":true,"href":"https:\/\/stmtires.com\/es\/wp-json\/wp\/v2\/product_cat?post=187958"},{"taxonomy":"product_tag","embeddable":true,"href":"https:\/\/stmtires.com\/es\/wp-json\/wp\/v2\/product_tag?post=187958"}],"curies":[{"name":"wp","href":"https:\/\/api.w.org\/{rel}","templated":true}]}}