{"id":187976,"date":"2022-05-12T10:21:55","date_gmt":"2022-05-12T15:21:55","guid":{"rendered":"https:\/\/website.dev.stmtires.com\/shop\/sin categor\u00eda\/455-55r225-m-x-un-xzu-s\/"},"modified":"2022-05-12T10:21:55","modified_gmt":"2022-05-12T15:21:55","slug":"455-55r22-5-m-x-one-xzu-s-2","status":"publish","type":"product","link":"https:\/\/stmtires.com\/es\/shop\/michelin-es\/455-55r22-5-m-x-one-xzu-s-2\/","title":{"rendered":"455\/55R22,5 M X UN XZU S"},"content":{"rendered":"<p>Autob\u00fas cami\u00f3n comercial. Cami\u00f3n de servicio mediano All-Position Wide-Base Single neum\u00e1tico para operaciones urbanas \/ regionales.<\/p>\n","protected":false},"excerpt":{"rendered":"<p>Autob\u00fas cami\u00f3n comercial. Cami\u00f3n de servicio mediano All-Position Wide-Base Single neum\u00e1tico para operaciones urbanas \/ regionales.<\/p>\n","protected":false},"featured_media":224599,"comment_status":"open","ping_status":"closed","template":"","meta":{"_acf_changed":false,"subheading":[]},"product_model":[25300],"product_brand":[15734],"product_cat":[19321],"product_tag":[],"class_list":{"0":"post-187976","1":"product","2":"type-product","3":"status-publish","4":"has-post-thumbnail","6":"product_model-x-one-xzu-s-es","7":"product_brand-michelin-es","8":"product_cat-conducir-es","9":"pa_tire-size-455-55r22-5-es","11":"first","12":"instock","13":"shipping-taxable","14":"purchasable","15":"product-type-simple"},"acf":[],"_links":{"self":[{"href":"https:\/\/stmtires.com\/es\/wp-json\/wp\/v2\/product\/187976","targetHints":{"allow":["GET"]}}],"collection":[{"href":"https:\/\/stmtires.com\/es\/wp-json\/wp\/v2\/product"}],"about":[{"href":"https:\/\/stmtires.com\/es\/wp-json\/wp\/v2\/types\/product"}],"replies":[{"embeddable":true,"href":"https:\/\/stmtires.com\/es\/wp-json\/wp\/v2\/comments?post=187976"}],"wp:featuredmedia":[{"embeddable":true,"href":"https:\/\/stmtires.com\/es\/wp-json\/wp\/v2\/media\/224599"}],"wp:attachment":[{"href":"https:\/\/stmtires.com\/es\/wp-json\/wp\/v2\/media?parent=187976"}],"wp:term":[{"taxonomy":"product_model","embeddable":true,"href":"https:\/\/stmtires.com\/es\/wp-json\/wp\/v2\/product_model?post=187976"},{"taxonomy":"product_brand","embeddable":true,"href":"https:\/\/stmtires.com\/es\/wp-json\/wp\/v2\/product_brand?post=187976"},{"taxonomy":"product_cat","embeddable":true,"href":"https:\/\/stmtires.com\/es\/wp-json\/wp\/v2\/product_cat?post=187976"},{"taxonomy":"product_tag","embeddable":true,"href":"https:\/\/stmtires.com\/es\/wp-json\/wp\/v2\/product_tag?post=187976"}],"curies":[{"name":"wp","href":"https:\/\/api.w.org\/{rel}","templated":true}]}}