{"id":187982,"date":"2022-05-12T11:46:56","date_gmt":"2022-05-12T16:46:56","guid":{"rendered":"https:\/\/website.dev.stmtires.com\/shop\/sin categor\u00eda\/460-85r42-tl-performer-85-r-1w\/"},"modified":"2022-05-12T11:46:56","modified_gmt":"2022-05-12T16:46:56","slug":"460-85r42-tl-performer-85-r-1w-2","status":"publish","type":"product","link":"https:\/\/stmtires.com\/es\/shop\/firestone-es\/460-85r42-tl-performer-85-r-1w-2\/","title":{"rendered":"460\/85R42 TL PERFORMER 85 R-1W"},"content":{"rendered":"<p>Neum\u00e1tico de tracci\u00f3n trasera radial agr\u00edcola R-1W De tracci\u00f3n trasera Neum\u00e1tico de banda de rodadura profunda adecuado para suelos h\u00famedos a h\u00famedos.<\/p>\n","protected":false},"excerpt":{"rendered":"<p>Neum\u00e1tico de tracci\u00f3n trasera radial agr\u00edcola R-1W De tracci\u00f3n trasera Neum\u00e1tico de banda de rodadura profunda adecuado para suelos h\u00famedos a h\u00famedos.<\/p>\n","protected":false},"featured_media":0,"comment_status":"open","ping_status":"closed","template":"","meta":{"_acf_changed":false,"subheading":[]},"product_model":[25503],"product_brand":[15736],"product_cat":[26128,19304,19288,19289,26129,19253],"product_tag":[],"class_list":{"0":"post-187982","1":"product","2":"type-product","3":"status-publish","5":"product_model-performer-85-r-1w-es","6":"product_brand-firestone-es","7":"product_cat-agricola","8":"product_cat-banda-de-rodadura-profunda","9":"product_cat-conducir","10":"product_cat-radial-es","11":"product_cat-tractor-es","12":"product_cat-uncategorized","13":"pa_tire-size-460-85r42-es","15":"first","16":"instock","17":"shipping-taxable","18":"purchasable","19":"product-type-simple"},"acf":[],"_links":{"self":[{"href":"https:\/\/stmtires.com\/es\/wp-json\/wp\/v2\/product\/187982","targetHints":{"allow":["GET"]}}],"collection":[{"href":"https:\/\/stmtires.com\/es\/wp-json\/wp\/v2\/product"}],"about":[{"href":"https:\/\/stmtires.com\/es\/wp-json\/wp\/v2\/types\/product"}],"replies":[{"embeddable":true,"href":"https:\/\/stmtires.com\/es\/wp-json\/wp\/v2\/comments?post=187982"}],"wp:attachment":[{"href":"https:\/\/stmtires.com\/es\/wp-json\/wp\/v2\/media?parent=187982"}],"wp:term":[{"taxonomy":"product_model","embeddable":true,"href":"https:\/\/stmtires.com\/es\/wp-json\/wp\/v2\/product_model?post=187982"},{"taxonomy":"product_brand","embeddable":true,"href":"https:\/\/stmtires.com\/es\/wp-json\/wp\/v2\/product_brand?post=187982"},{"taxonomy":"product_cat","embeddable":true,"href":"https:\/\/stmtires.com\/es\/wp-json\/wp\/v2\/product_cat?post=187982"},{"taxonomy":"product_tag","embeddable":true,"href":"https:\/\/stmtires.com\/es\/wp-json\/wp\/v2\/product_tag?post=187982"}],"curies":[{"name":"wp","href":"https:\/\/api.w.org\/{rel}","templated":true}]}}