{"id":188025,"date":"2022-05-12T16:58:58","date_gmt":"2022-05-12T21:58:58","guid":{"rendered":"https:\/\/website.dev.stmtires.com\/shop\/sin categor\u00eda\/455-55r225-m-greatec-m845\/"},"modified":"2022-05-12T16:58:58","modified_gmt":"2022-05-12T21:58:58","slug":"455-55r22-5-m-greatec-m845-2","status":"publish","type":"product","link":"https:\/\/stmtires.com\/es\/shop\/bridgestone-es\/455-55r22-5-m-greatec-m845-2\/","title":{"rendered":"455\/55R22,5 M GREATEC M845"},"content":{"rendered":"<p>Neum\u00e1tico comercial para camiones\/autobuses. Cami\u00f3n de servicio mediano Base ancha Neum\u00e1tico radial de posici\u00f3n completa. Recomendado para posiciones de accionamiento y remolque para aplicaciones de alta tracci\u00f3n y alto desmodo en: Servicio urbano \/ regional.<\/p>\n","protected":false},"excerpt":{"rendered":"<p>Neum\u00e1tico comercial para camiones\/autobuses. Cami\u00f3n de servicio mediano Base ancha Neum\u00e1tico radial de posici\u00f3n completa. Recomendado para posiciones de accionamiento y remolque para aplicaciones de alta tracci\u00f3n y alto desmodo en: Servicio urbano \/ regional.<\/p>\n","protected":false},"featured_media":223180,"comment_status":"open","ping_status":"closed","template":"","meta":{"_acf_changed":false,"subheading":[]},"product_model":[25938],"product_brand":[],"product_cat":[19288,19336,19289,19332,19316,19253],"product_tag":[],"class_list":{"0":"post-188025","1":"product","2":"type-product","3":"status-publish","4":"has-post-thumbnail","6":"product_model-greatec-m845-es","7":"product_cat-conducir","8":"product_cat-posicion-del-remolque","9":"product_cat-radial-es","10":"product_cat-servicio-regional","11":"product_cat-todas-las-posiciones","12":"product_cat-uncategorized","13":"pa_tire-size-455-55r22-5-es","15":"first","16":"instock","17":"shipping-taxable","18":"purchasable","19":"product-type-simple"},"acf":[],"_links":{"self":[{"href":"https:\/\/stmtires.com\/es\/wp-json\/wp\/v2\/product\/188025","targetHints":{"allow":["GET"]}}],"collection":[{"href":"https:\/\/stmtires.com\/es\/wp-json\/wp\/v2\/product"}],"about":[{"href":"https:\/\/stmtires.com\/es\/wp-json\/wp\/v2\/types\/product"}],"replies":[{"embeddable":true,"href":"https:\/\/stmtires.com\/es\/wp-json\/wp\/v2\/comments?post=188025"}],"wp:featuredmedia":[{"embeddable":true,"href":"https:\/\/stmtires.com\/es\/wp-json\/wp\/v2\/media\/223180"}],"wp:attachment":[{"href":"https:\/\/stmtires.com\/es\/wp-json\/wp\/v2\/media?parent=188025"}],"wp:term":[{"taxonomy":"product_model","embeddable":true,"href":"https:\/\/stmtires.com\/es\/wp-json\/wp\/v2\/product_model?post=188025"},{"taxonomy":"product_brand","embeddable":true,"href":"https:\/\/stmtires.com\/es\/wp-json\/wp\/v2\/product_brand?post=188025"},{"taxonomy":"product_cat","embeddable":true,"href":"https:\/\/stmtires.com\/es\/wp-json\/wp\/v2\/product_cat?post=188025"},{"taxonomy":"product_tag","embeddable":true,"href":"https:\/\/stmtires.com\/es\/wp-json\/wp\/v2\/product_tag?post=188025"}],"curies":[{"name":"wp","href":"https:\/\/api.w.org\/{rel}","templated":true}]}}