{"id":188056,"date":"2022-05-12T11:44:23","date_gmt":"2022-05-12T16:44:23","guid":{"rendered":"https:\/\/website.dev.stmtires.com\/shop\/sin categor\u00eda\/455-45r22-5-x-un-xdu\/"},"modified":"2022-05-12T11:44:23","modified_gmt":"2022-05-12T16:44:23","slug":"455-45r22-5-x-uno-xdu","status":"publish","type":"product","link":"https:\/\/stmtires.com\/es\/shop\/michelin-es\/455-45r22-5-x-uno-xdu\/","title":{"rendered":"455\/45R22.5 X UN XDU"},"content":{"rendered":"<p>Cami\u00f3n\/Autob\u00fas Comercial. Cami\u00f3n de servicio mediano, neum\u00e1tico de base ancha de perfil ultra bajo dise\u00f1ado para reemplazar a los duales en aplicaciones de autobuses urbanos.<\/p>\n","protected":false},"excerpt":{"rendered":"<p>Cami\u00f3n\/Autob\u00fas Comercial. Cami\u00f3n de servicio mediano, neum\u00e1tico de base ancha de perfil ultra bajo dise\u00f1ado para reemplazar a los duales en aplicaciones de autobuses urbanos.<\/p>\n","protected":false},"featured_media":225418,"comment_status":"open","ping_status":"closed","template":"","meta":{"_acf_changed":false,"subheading":[]},"product_model":[25607],"product_brand":[15734],"product_cat":[19288,19253],"product_tag":[],"class_list":{"0":"post-188056","1":"product","2":"type-product","3":"status-publish","4":"has-post-thumbnail","6":"product_model-x-one-xdu-es","7":"product_brand-michelin-es","8":"product_cat-conducir","9":"product_cat-uncategorized","10":"pa_tire-size-455-45r22-5-es","12":"first","13":"instock","14":"shipping-taxable","15":"purchasable","16":"product-type-simple"},"acf":[],"_links":{"self":[{"href":"https:\/\/stmtires.com\/es\/wp-json\/wp\/v2\/product\/188056","targetHints":{"allow":["GET"]}}],"collection":[{"href":"https:\/\/stmtires.com\/es\/wp-json\/wp\/v2\/product"}],"about":[{"href":"https:\/\/stmtires.com\/es\/wp-json\/wp\/v2\/types\/product"}],"replies":[{"embeddable":true,"href":"https:\/\/stmtires.com\/es\/wp-json\/wp\/v2\/comments?post=188056"}],"wp:featuredmedia":[{"embeddable":true,"href":"https:\/\/stmtires.com\/es\/wp-json\/wp\/v2\/media\/225418"}],"wp:attachment":[{"href":"https:\/\/stmtires.com\/es\/wp-json\/wp\/v2\/media?parent=188056"}],"wp:term":[{"taxonomy":"product_model","embeddable":true,"href":"https:\/\/stmtires.com\/es\/wp-json\/wp\/v2\/product_model?post=188056"},{"taxonomy":"product_brand","embeddable":true,"href":"https:\/\/stmtires.com\/es\/wp-json\/wp\/v2\/product_brand?post=188056"},{"taxonomy":"product_cat","embeddable":true,"href":"https:\/\/stmtires.com\/es\/wp-json\/wp\/v2\/product_cat?post=188056"},{"taxonomy":"product_tag","embeddable":true,"href":"https:\/\/stmtires.com\/es\/wp-json\/wp\/v2\/product_tag?post=188056"}],"curies":[{"name":"wp","href":"https:\/\/api.w.org\/{rel}","templated":true}]}}