{"id":188079,"date":"2022-05-12T10:39:41","date_gmt":"2022-05-12T15:39:41","guid":{"rendered":"https:\/\/website.dev.stmtires.com\/shop\/sin categor\u00eda\/455-55r225-m-x-un-xzy3\/"},"modified":"2022-05-12T10:39:41","modified_gmt":"2022-05-12T15:39:41","slug":"455-55r22-5-m-x-one-xzy3-2","status":"publish","type":"product","link":"https:\/\/stmtires.com\/es\/shop\/michelin-es\/455-55r22-5-m-x-one-xzy3-2\/","title":{"rendered":"455\/55R22,5 M X UN XZY3"},"content":{"rendered":"<p>Cami\u00f3n\/Autob\u00fas Comercial. Neum\u00e1tico radial de todas las posiciones para camiones de servicio mediano dise\u00f1ado para un ahorro significativo de peso y combustible en aplicaciones de larga distancia y en carretera \/ off.<\/p>\n","protected":false},"excerpt":{"rendered":"<p>Cami\u00f3n\/Autob\u00fas Comercial. Neum\u00e1tico radial de todas las posiciones para camiones de servicio mediano dise\u00f1ado para un ahorro significativo de peso y combustible en aplicaciones de larga distancia y en carretera \/ off.<\/p>\n","protected":false},"featured_media":225152,"comment_status":"open","ping_status":"closed","template":"","meta":{"_acf_changed":false,"subheading":[]},"product_model":[25342],"product_brand":[15734],"product_cat":[19288],"product_tag":[],"class_list":{"0":"post-188079","1":"product","2":"type-product","3":"status-publish","4":"has-post-thumbnail","6":"product_model-x-one-xzy3-es","7":"product_brand-michelin-es","8":"product_cat-conducir","9":"pa_tire-size-455-55r22-5-es","11":"first","12":"instock","13":"shipping-taxable","14":"purchasable","15":"product-type-simple"},"acf":[],"_links":{"self":[{"href":"https:\/\/stmtires.com\/es\/wp-json\/wp\/v2\/product\/188079","targetHints":{"allow":["GET"]}}],"collection":[{"href":"https:\/\/stmtires.com\/es\/wp-json\/wp\/v2\/product"}],"about":[{"href":"https:\/\/stmtires.com\/es\/wp-json\/wp\/v2\/types\/product"}],"replies":[{"embeddable":true,"href":"https:\/\/stmtires.com\/es\/wp-json\/wp\/v2\/comments?post=188079"}],"wp:featuredmedia":[{"embeddable":true,"href":"https:\/\/stmtires.com\/es\/wp-json\/wp\/v2\/media\/225152"}],"wp:attachment":[{"href":"https:\/\/stmtires.com\/es\/wp-json\/wp\/v2\/media?parent=188079"}],"wp:term":[{"taxonomy":"product_model","embeddable":true,"href":"https:\/\/stmtires.com\/es\/wp-json\/wp\/v2\/product_model?post=188079"},{"taxonomy":"product_brand","embeddable":true,"href":"https:\/\/stmtires.com\/es\/wp-json\/wp\/v2\/product_brand?post=188079"},{"taxonomy":"product_cat","embeddable":true,"href":"https:\/\/stmtires.com\/es\/wp-json\/wp\/v2\/product_cat?post=188079"},{"taxonomy":"product_tag","embeddable":true,"href":"https:\/\/stmtires.com\/es\/wp-json\/wp\/v2\/product_tag?post=188079"}],"curies":[{"name":"wp","href":"https:\/\/api.w.org\/{rel}","templated":true}]}}