{"id":188083,"date":"2022-05-12T11:31:11","date_gmt":"2022-05-12T16:31:11","guid":{"rendered":"https:\/\/website.dev.stmtires.com\/shop\/sin categor\u00eda\/480-65r28-tl-multibib\/"},"modified":"2022-05-12T11:31:11","modified_gmt":"2022-05-12T16:31:11","slug":"480-65r28-tl-multibib-2","status":"publish","type":"product","link":"https:\/\/stmtires.com\/es\/shop\/michelin-es\/480-65r28-tl-multibib-2\/","title":{"rendered":"480\/65R28 TL MULTIBIB"},"content":{"rendered":"<p>Neum\u00e1tico de tractor multiprop\u00f3sito m\u00e1s ancho, eficiente de media y alta potencia.<\/p>\n","protected":false},"excerpt":{"rendered":"<p>Neum\u00e1tico de tractor multiprop\u00f3sito m\u00e1s ancho, eficiente de media y alta potencia.<\/p>\n","protected":false},"featured_media":0,"comment_status":"open","ping_status":"closed","template":"","meta":{"_acf_changed":false,"subheading":[]},"product_model":[25481],"product_brand":[15734],"product_cat":[19253],"product_tag":[],"class_list":{"0":"post-188083","1":"product","2":"type-product","3":"status-publish","5":"product_model-multibib-es","6":"product_brand-michelin-es","7":"product_cat-uncategorized","8":"pa_tire-size-480-65r28-es","10":"first","11":"instock","12":"shipping-taxable","13":"purchasable","14":"product-type-simple"},"acf":[],"_links":{"self":[{"href":"https:\/\/stmtires.com\/es\/wp-json\/wp\/v2\/product\/188083","targetHints":{"allow":["GET"]}}],"collection":[{"href":"https:\/\/stmtires.com\/es\/wp-json\/wp\/v2\/product"}],"about":[{"href":"https:\/\/stmtires.com\/es\/wp-json\/wp\/v2\/types\/product"}],"replies":[{"embeddable":true,"href":"https:\/\/stmtires.com\/es\/wp-json\/wp\/v2\/comments?post=188083"}],"wp:attachment":[{"href":"https:\/\/stmtires.com\/es\/wp-json\/wp\/v2\/media?parent=188083"}],"wp:term":[{"taxonomy":"product_model","embeddable":true,"href":"https:\/\/stmtires.com\/es\/wp-json\/wp\/v2\/product_model?post=188083"},{"taxonomy":"product_brand","embeddable":true,"href":"https:\/\/stmtires.com\/es\/wp-json\/wp\/v2\/product_brand?post=188083"},{"taxonomy":"product_cat","embeddable":true,"href":"https:\/\/stmtires.com\/es\/wp-json\/wp\/v2\/product_cat?post=188083"},{"taxonomy":"product_tag","embeddable":true,"href":"https:\/\/stmtires.com\/es\/wp-json\/wp\/v2\/product_tag?post=188083"}],"curies":[{"name":"wp","href":"https:\/\/api.w.org\/{rel}","templated":true}]}}