{"id":188133,"date":"2022-05-12T10:39:42","date_gmt":"2022-05-12T15:39:42","guid":{"rendered":"https:\/\/website.dev.stmtires.com\/shop\/sin categor\u00eda\/base-ancha-xzl-de-445-65r225-l\/"},"modified":"2022-05-12T10:39:42","modified_gmt":"2022-05-12T15:39:42","slug":"445-65r22-5-l-xzl-wide-base-2","status":"publish","type":"product","link":"https:\/\/stmtires.com\/es\/shop\/michelin-es\/445-65r22-5-l-xzl-wide-base-2\/","title":{"rendered":"BASE ANCHA XZL DE 445\/65R22,5 L"},"content":{"rendered":"<p>Cami\u00f3n\/Autob\u00fas Comercial. Cami\u00f3n de servicio mediano Neum\u00e1tico radial de base ancha de posici\u00f3n completa dise\u00f1ado para una tracci\u00f3n optimizada en aplicaciones dentro \/ fuera de la carretera.  <\/p>\n","protected":false},"excerpt":{"rendered":"<p>Cami\u00f3n\/Autob\u00fas Comercial. Cami\u00f3n de servicio mediano Neum\u00e1tico radial de base ancha de posici\u00f3n completa dise\u00f1ado para una tracci\u00f3n optimizada en aplicaciones dentro \/ fuera de la carretera.<\/p>\n","protected":false},"featured_media":224633,"comment_status":"open","ping_status":"closed","template":"","meta":{"_acf_changed":false,"subheading":[]},"product_model":[25306],"product_brand":[15734],"product_cat":[19321],"product_tag":[],"class_list":{"0":"post-188133","1":"product","2":"type-product","3":"status-publish","4":"has-post-thumbnail","6":"product_model-xzl-wide-base-es","7":"product_brand-michelin-es","8":"product_cat-conducir-es","9":"pa_tire-size-445-65r22-5-es","11":"first","12":"instock","13":"shipping-taxable","14":"purchasable","15":"product-type-simple"},"acf":[],"_links":{"self":[{"href":"https:\/\/stmtires.com\/es\/wp-json\/wp\/v2\/product\/188133","targetHints":{"allow":["GET"]}}],"collection":[{"href":"https:\/\/stmtires.com\/es\/wp-json\/wp\/v2\/product"}],"about":[{"href":"https:\/\/stmtires.com\/es\/wp-json\/wp\/v2\/types\/product"}],"replies":[{"embeddable":true,"href":"https:\/\/stmtires.com\/es\/wp-json\/wp\/v2\/comments?post=188133"}],"wp:featuredmedia":[{"embeddable":true,"href":"https:\/\/stmtires.com\/es\/wp-json\/wp\/v2\/media\/224633"}],"wp:attachment":[{"href":"https:\/\/stmtires.com\/es\/wp-json\/wp\/v2\/media?parent=188133"}],"wp:term":[{"taxonomy":"product_model","embeddable":true,"href":"https:\/\/stmtires.com\/es\/wp-json\/wp\/v2\/product_model?post=188133"},{"taxonomy":"product_brand","embeddable":true,"href":"https:\/\/stmtires.com\/es\/wp-json\/wp\/v2\/product_brand?post=188133"},{"taxonomy":"product_cat","embeddable":true,"href":"https:\/\/stmtires.com\/es\/wp-json\/wp\/v2\/product_cat?post=188133"},{"taxonomy":"product_tag","embeddable":true,"href":"https:\/\/stmtires.com\/es\/wp-json\/wp\/v2\/product_tag?post=188133"}],"curies":[{"name":"wp","href":"https:\/\/api.w.org\/{rel}","templated":true}]}}